{"id":1774,"date":"2020-02-05T09:07:39","date_gmt":"2020-02-05T09:07:39","guid":{"rendered":"https:\/\/www.beaware.eu.com\/?page_id=1774"},"modified":"2021-10-29T09:22:02","modified_gmt":"2021-10-29T09:22:02","slug":"news","status":"publish","type":"page","link":"https:\/\/www.beaware.eu.com\/de\/news\/","title":{"rendered":"News"},"content":{"rendered":"<p>[vc_row][vc_column]<div id=\"ultimate-heading-773069d477f628657\" class=\"uvc-heading ult-adjust-bottom-margin ultimate-heading-773069d477f628657 uvc-2976 \" data-hspacer=\"line_only\"  data-halign=\"center\" style=\"text-align:center\"><div class=\"uvc-main-heading ult-responsive\"  data-ultimate-target='.uvc-heading.ultimate-heading-773069d477f628657 h1'  data-responsive-json-new='{\"font-size\":\"tablet:44px;tablet_portrait:36px;mobile_landscape:34px;mobile:32px;\",\"line-height\":\"\"}' ><h1 style=\"font-weight:bold;\">Lesen Sie unsere Artikel<\/h1><\/div><div class=\"uvc-heading-spacer line_only\" style=\"margin-top:25px;margin-bottom:50px;height:2px;\"><span class=\"uvc-headings-line\" style=\"border-style:solid;border-bottom-width:2px;border-color:#d92128;width:150px;\"><\/span><\/div><\/div>[vc_row_inner gap=&#8220;35&#8243;][vc_column_inner width=&#8220;1\/3&#8243; css=&#8220;.vc_custom_1592165224026{margin-bottom: 50px !important;}&#8220;][vc_single_image image=&#8220;1778&#8243; img_size=&#8220;&#8220; onclick=&#8220;custom_link&#8220; img_link_target=&#8220;_blank&#8220; link=&#8220;https:\/\/www.beaware.eu.com\/wp-content\/uploads\/2019\/10\/BeAware_IO1_Summary_DE.pdf&#8220;][vc_column_text]<\/p>\n<p style=\"text-align: left;\"><strong>IO1 &#8211; Zusammenfassung Forschungsarbeit \u00fcber nationale\/kulturelle Anpassungensbed\u00fcrfnisse f\u00fcr die Entwicklung und Implementierung von Trainings und Akkreditierung<\/strong><\/p>\n<p style=\"text-align: left;\">Be Aware suggeriert eine systematische Herangehensweise, durch die Bereitstellung verschiedener Instrumente und Methoden, um die berufliche Entwicklung von HR ManagerInnen, VET TrainerInnen, LerherInnen, MentorInnen und ArbeitnehmervertreterInnen zu verbessern&#8230;<\/p>\n<p>[\/vc_column_text]<style type=\"text\/css\" data-type=\"the7_shortcodes-inline-css\">#default-btn-80fcd65585d5ff633fd11463a792d8d7.ico-right-side > i {\n  margin-right: 0px;\n  margin-left: 8px;\n}\n#default-btn-80fcd65585d5ff633fd11463a792d8d7 > i {\n  margin-right: 8px;\n}\n#default-btn-80fcd65585d5ff633fd11463a792d8d7 * {\n  vertical-align: middle;\n}\n<\/style><a href=\"https:\/\/www.beaware.eu.com\/wp-content\/uploads\/2019\/10\/BeAware_IO1_Summary_DE.pdf\" class=\"default-btn-shortcode dt-btn dt-btn-s link-hover-off btn-inline-left \" target=\"_blank\" id=\"default-btn-80fcd65585d5ff633fd11463a792d8d7\" title=\"Be Aware - IO1\" rel=\"noopener\"><span>Download Paper<\/span><\/a>[\/vc_column_inner][vc_column_inner width=&#8220;1\/3&#8243; css=&#8220;.vc_custom_1592165230737{margin-bottom: 50px !important;}&#8220;][vc_single_image image=&#8220;1852&#8243; img_size=&#8220;&#8220; onclick=&#8220;custom_link&#8220; img_link_target=&#8220;_blank&#8220; link=&#8220;https:\/\/www.beaware.eu.com\/wp-content\/uploads\/2020\/03\/IO2_Be-Aware-Standards-for-VET_Trainings_EN.pdf&#8220;][vc_column_text]<\/p>\n<p style=\"text-align: left;\"><strong>IO2 &#8211; STANDARDS FOR VET-TRAINING<br \/>\nErasmus+: KA2 &#8211; Cooperation for Innovation and the Exchange of Good Practices &#8211; Strategic Partnerships for adult education<\/strong><\/p>\n<p style=\"text-align: left;\">Be Aware \u2013 Strengthening Competences to Face Sexual Harassment at the workplace is a three-year project, funded by the European Commission, Erasmus+ Strategic Partnerships for Vocational Education and Training (VET). It aims to reducing sexual harassment at the workplace&#8230;<\/p>\n<p>[\/vc_column_text]<style type=\"text\/css\" data-type=\"the7_shortcodes-inline-css\">#default-btn-011af788307ad1105efcd0bcb40c95fb.ico-right-side > i {\n  margin-right: 0px;\n  margin-left: 8px;\n}\n#default-btn-011af788307ad1105efcd0bcb40c95fb > i {\n  margin-right: 8px;\n}\n#default-btn-011af788307ad1105efcd0bcb40c95fb * {\n  vertical-align: middle;\n}\n<\/style><a href=\"https:\/\/www.beaware.eu.com\/wp-content\/uploads\/2020\/03\/IO2_Be-Aware-Standards-for-VET_Trainings_EN.pdf\" class=\"default-btn-shortcode dt-btn dt-btn-s link-hover-off btn-inline-left \" target=\"_blank\" id=\"default-btn-011af788307ad1105efcd0bcb40c95fb\" title=\"Be Aware - IO2\" rel=\"noopener\"><span>Download Paper<\/span><\/a>[\/vc_column_inner][vc_column_inner width=&#8220;1\/3&#8243; css=&#8220;.vc_custom_1592165237696{margin-bottom: 50px !important;}&#8220;][vc_single_image image=&#8220;2127&#8243; img_size=&#8220;&#8220; onclick=&#8220;custom_link&#8220; img_link_target=&#8220;_blank&#8220; link=&#8220;https:\/\/www.beaware.eu.com\/wp-content\/uploads\/2021\/05\/IO3_-.Systemische-Vorbeugungsmassnahmen-Begleitung-in-Organisationen-AT.pdf&#8220;][vc_column_text]<\/p>\n<p style=\"text-align: left;\"><strong>IO3 &#8211; ONLINE UND PR\u00c4SENZTRAINING: SYSTEMATISCHE PR\u00c4VENTIONSMA\u00dfNAHMEN UND BEGLEITUNG IN ORGANISATIONEN<\/strong><\/p>\n<p style=\"text-align: left;\">Das Schulungsdokument &#8222;Online- und Pr\u00e4senztraining&#8220; umfasst drei Teile. Nach einer Einf\u00fchrung in das Projekt selbst gibt es eine kurze Zusammenfassung der wichtigsten Begriffe, die den Teilnehmenden im Vorhinein gel\u00e4ufig sein m\u00fcssen&#8230;<\/p>\n<p>[\/vc_column_text]<style type=\"text\/css\" data-type=\"the7_shortcodes-inline-css\">#default-btn-42d0a5d486754fecf60d00ab1e42c5c7.ico-right-side > i {\n  margin-right: 0px;\n  margin-left: 8px;\n}\n#default-btn-42d0a5d486754fecf60d00ab1e42c5c7 > i {\n  margin-right: 8px;\n}\n#default-btn-42d0a5d486754fecf60d00ab1e42c5c7 * {\n  vertical-align: middle;\n}\n<\/style><a href=\"https:\/\/www.beaware.eu.com\/wp-content\/uploads\/2021\/05\/IO3_-.Systemische-Vorbeugungsmassnahmen-Begleitung-in-Organisationen-AT.pdf\" class=\"default-btn-shortcode dt-btn dt-btn-s link-hover-off btn-inline-left \" target=\"_blank\" id=\"default-btn-42d0a5d486754fecf60d00ab1e42c5c7\" title=\"Be Aware - IO3\" rel=\"noopener\"><span>Download Paper<\/span><\/a>[\/vc_column_inner][\/vc_row_inner][vc_row_inner gap=&#8220;35&#8243;][vc_column_inner width=&#8220;1\/3&#8243; css=&#8220;.vc_custom_1592165246457{margin-bottom: 50px !important;}&#8220;][vc_single_image image=&#8220;2126&#8243; img_size=&#8220;&#8220; onclick=&#8220;custom_link&#8220; img_link_target=&#8220;_blank&#8220; link=&#8220;https:\/\/www.beaware.eu.com\/wp-content\/uploads\/2021\/05\/IO-4-Trainingsentwicklung_Achtsamkeit-in-Organisationen_AT.pdf&#8220;][vc_column_text]<\/p>\n<p style=\"text-align: left;\"><strong>IO4 &#8211; ONLINE UND PR\u00c4SENZTRAINING ENTWICKLUNG \u2013 ACHTSAMKEIT IN ORGANISATIONEN<\/strong><\/p>\n<p style=\"text-align: left;\">Sexuelle Bel\u00e4stigung am Arbeitsplatz ist eine Form der Diskriminierung, die jedes ungebetene Verhalten, jeden Kommentar oder jede Verhaltensweise in Bezug auf Sex, Geschlecht oder sexuelle Orientierung umfasst. Es wird gesch\u00e4tzt, dass sechs von zehn Frauen in Europa eine sexistische Behandlung erdulden mussten oder&#8230;<\/p>\n<p>[\/vc_column_text]<style type=\"text\/css\" data-type=\"the7_shortcodes-inline-css\">#default-btn-3dad3acd91676f42b1a43e77f05531fd.ico-right-side > i {\n  margin-right: 0px;\n  margin-left: 8px;\n}\n#default-btn-3dad3acd91676f42b1a43e77f05531fd > i {\n  margin-right: 8px;\n}\n#default-btn-3dad3acd91676f42b1a43e77f05531fd * {\n  vertical-align: middle;\n}\n<\/style><a href=\"https:\/\/www.beaware.eu.com\/wp-content\/uploads\/2021\/05\/IO-4-Trainingsentwicklung_Achtsamkeit-in-Organisationen_AT.pdf\" class=\"default-btn-shortcode dt-btn dt-btn-s link-hover-off btn-inline-left \" target=\"_blank\" id=\"default-btn-3dad3acd91676f42b1a43e77f05531fd\" title=\"Be Aware - IO4\" rel=\"noopener\"><span>Download Paper<\/span><\/a>[\/vc_column_inner][vc_column_inner width=&#8220;1\/3&#8243; css=&#8220;.vc_custom_1593033347224{margin-bottom: 50px !important;}&#8220; offset=&#8220;vc_hidden-xs&#8220;][vc_single_image image=&#8220;2181&#8243; img_size=&#8220;&#8220; onclick=&#8220;custom_link&#8220; img_link_target=&#8220;_blank&#8220; link=&#8220;https:\/\/www.beaware.eu.com\/wp-content\/uploads\/2021\/10\/IO5_AT_Be-Aware_Transfer-Handbook-for-Be-Aware-Methodology-and-National-Implementation.pdf&#8220;][vc_column_text]<\/p>\n<p style=\"text-align: left;\"><strong>IO5 &#8211; TRANSFERHANDBUCH ZUR BE AWAREMETHODIK UND DER NATIONALEN UMSETZUNG<\/strong><\/p>\n<p style=\"text-align: left;\">Sexuelle Bel\u00e4stigung ist jede Art von unerwu\u0308nschtem und beleidigendem Verhalten sexueller Natur in Wort, Schrift oder durch k\u00f6rperliche Beru\u0308hrung, das bezweckt oder bewirkt, dass die Wu\u0308rde einer Person verletzt wird. Dies gilt insbesondere, wenn ein einschu\u0308chterndes, feindseliges, erniedrigendes oder beleidigendes Umfeld geschaffen wird&#8230;<\/p>\n<p>[\/vc_column_text]<style type=\"text\/css\" data-type=\"the7_shortcodes-inline-css\">#default-btn-0aa042f7ecf1c958b98c3a9e776dbe6e.ico-right-side > i {\n  margin-right: 0px;\n  margin-left: 8px;\n}\n#default-btn-0aa042f7ecf1c958b98c3a9e776dbe6e > i {\n  margin-right: 8px;\n}\n#default-btn-0aa042f7ecf1c958b98c3a9e776dbe6e * {\n  vertical-align: middle;\n}\n<\/style><a href=\"https:\/\/www.beaware.eu.com\/wp-content\/uploads\/2021\/10\/IO5_AT_Be-Aware_Transfer-Handbook-for-Be-Aware-Methodology-and-National-Implementation.pdf\" class=\"default-btn-shortcode dt-btn dt-btn-s link-hover-off btn-inline-left \" target=\"_blank\" id=\"default-btn-0aa042f7ecf1c958b98c3a9e776dbe6e\" title=\"Be Aware - IO5\" rel=\"noopener\"><span>Download Paper<\/span><\/a>[\/vc_column_inner][vc_column_inner width=&#8220;1\/3&#8243; css=&#8220;.vc_custom_1593033353436{margin-bottom: 50px !important;}&#8220; offset=&#8220;vc_hidden-xs&#8220;][\/vc_column_inner][\/vc_row_inner][\/vc_column][\/vc_row][vc_row full_width=&#8220;stretch_row&#8220; content_placement=&#8220;middle&#8220; bg_type=&#8220;bg_color&#8220; bg_color_value=&#8220;#f2f2f2&#8243; css=&#8220;.vc_custom_1593180850518{margin-top: 80px !important;margin-bottom: 100px !important;padding-top: 35px !important;padding-bottom: 35px !important;}&#8220;][vc_column css=&#8220;.vc_custom_1593180158504{padding-top: 0px !important;padding-bottom: 0px !important;}&#8220;][vc_column_text css=&#8220;.vc_custom_1593180333597{margin-top: 10px !important;margin-bottom: 10px !important;}&#8220;]<\/p>\n<h3 style=\"text-align: center;\">Folgen Sie uns auf Social Media, um auf dem neuesten Stand zu bleiben!<\/h3>\n<p>[\/vc_column_text]<style type=\"text\/css\" data-type=\"the7_shortcodes-inline-css\">.dt-shortcode-soc-icons.soc-icons-e28502fc247a69a198cdf69a4a000470 a {\n  margin-right: 35px;\n}\n.dt-shortcode-soc-icons a.soc-icons-e28502fc247a69a198cdf69a4a000470 {\n  margin-right: 35px;\n}\n.dt-shortcode-soc-icons a.soc-icons-e28502fc247a69a198cdf69a4a000470:last-child {\n  margin-right: 0;\n}\n.dt-shortcode-soc-icons a.soc-icons-e28502fc247a69a198cdf69a4a000470:before,\n.dt-shortcode-soc-icons a.soc-icons-e28502fc247a69a198cdf69a4a000470:after {\n  padding: inherit;\n}\n.dt-shortcode-soc-icons a.soc-icons-e28502fc247a69a198cdf69a4a000470.dt-icon-border-on:before {\n  border:  solid ;\n}\n.dt-shortcode-soc-icons a.soc-icons-e28502fc247a69a198cdf69a4a000470.dt-icon-hover-border-on:after {\n  border:  solid ;\n}\n<\/style><div class=\"dt-shortcode-soc-icons  soc-icons-e28502fc247a69a198cdf69a4a000470 soc-icons-center  vc_custom_1593180544491\" ><style type=\"text\/css\" data-type=\"the7_shortcodes-inline-css\">.dt-shortcode-soc-icons a.single-soc-icon-ee8f61fa1308353a7be69b8f660c7906 {\n  min-width: 70px;\n  min-height: 70px;\n  font-size: 36px;\n  border-radius: 100px;\n}\n.dt-shortcode-soc-icons a.single-soc-icon-ee8f61fa1308353a7be69b8f660c7906:last-child {\n  margin-right: 0;\n}\n.dt-shortcode-soc-icons a.single-soc-icon-ee8f61fa1308353a7be69b8f660c7906:before,\n.dt-shortcode-soc-icons a.single-soc-icon-ee8f61fa1308353a7be69b8f660c7906:after {\n  min-width: 70px;\n  min-height: 70px;\n  padding: inherit;\n}\n.dt-shortcode-soc-icons a.single-soc-icon-ee8f61fa1308353a7be69b8f660c7906.dt-icon-border-on:before {\n  border: 0px solid ;\n}\n.dt-shortcode-soc-icons a.single-soc-icon-ee8f61fa1308353a7be69b8f660c7906.dt-icon-hover-border-on:after {\n  border: 0px solid ;\n}\n.dt-shortcode-soc-icons a.single-soc-icon-ee8f61fa1308353a7be69b8f660c7906:hover {\n  font-size: 36px;\n}\n#page .dt-shortcode-soc-icons a.single-soc-icon-ee8f61fa1308353a7be69b8f660c7906:not(:hover) .soc-font-icon,\n#phantom .dt-shortcode-soc-icons a.single-soc-icon-ee8f61fa1308353a7be69b8f660c7906:not(:hover) .soc-font-icon,\n#page .dt-shortcode-soc-icons a.single-soc-icon-ee8f61fa1308353a7be69b8f660c7906:not(:hover) .soc-icon,\n#phantom .dt-shortcode-soc-icons a.single-soc-icon-ee8f61fa1308353a7be69b8f660c7906:not(:hover) .soc-icon {\n  color: #ffffff;\n  background: none;\n}\n.dt-shortcode-soc-icons a.single-soc-icon-ee8f61fa1308353a7be69b8f660c7906 .soc-font-icon,\n.dt-shortcode-soc-icons a.single-soc-icon-ee8f61fa1308353a7be69b8f660c7906 .soc-icon {\n  font-size: 36px;\n}\n<\/style><a title=\"Be Aware - Facebook\" href=\"https:\/\/www.facebook.com\/pg\/Be-Aware-815219465522322\/about\/?ref=page_internal\"  target=\"_blank\" rel=\"nofollow\"class=\"Defaults-facebook single-soc-icon-ee8f61fa1308353a7be69b8f660c7906 dt-icon-bg-on dt-icon-hover-bg-off  \" ><i class=\"soc-icon Defaults-facebook\"><\/i><span class=\"screen-reader-text\">Be Aware - Facebook<\/span><\/a><style type=\"text\/css\" data-type=\"the7_shortcodes-inline-css\">.dt-shortcode-soc-icons a.single-soc-icon-df31cecacbc372e273f14c0340dfaa3a {\n  min-width: 70px;\n  min-height: 70px;\n  font-size: 36px;\n  border-radius: 100px;\n}\n.dt-shortcode-soc-icons a.single-soc-icon-df31cecacbc372e273f14c0340dfaa3a:last-child {\n  margin-right: 0;\n}\n.dt-shortcode-soc-icons a.single-soc-icon-df31cecacbc372e273f14c0340dfaa3a:before,\n.dt-shortcode-soc-icons a.single-soc-icon-df31cecacbc372e273f14c0340dfaa3a:after {\n  min-width: 70px;\n  min-height: 70px;\n  padding: inherit;\n}\n.dt-shortcode-soc-icons a.single-soc-icon-df31cecacbc372e273f14c0340dfaa3a.dt-icon-border-on:before {\n  border: 0px solid ;\n}\n.dt-shortcode-soc-icons a.single-soc-icon-df31cecacbc372e273f14c0340dfaa3a.dt-icon-hover-border-on:after {\n  border: 0px solid ;\n}\n.dt-shortcode-soc-icons a.single-soc-icon-df31cecacbc372e273f14c0340dfaa3a:hover {\n  font-size: 36px;\n}\n#page .dt-shortcode-soc-icons a.single-soc-icon-df31cecacbc372e273f14c0340dfaa3a:not(:hover) .soc-font-icon,\n#phantom .dt-shortcode-soc-icons a.single-soc-icon-df31cecacbc372e273f14c0340dfaa3a:not(:hover) .soc-font-icon,\n#page .dt-shortcode-soc-icons a.single-soc-icon-df31cecacbc372e273f14c0340dfaa3a:not(:hover) .soc-icon,\n#phantom .dt-shortcode-soc-icons a.single-soc-icon-df31cecacbc372e273f14c0340dfaa3a:not(:hover) .soc-icon {\n  color: #ffffff;\n  background: none;\n}\n.dt-shortcode-soc-icons a.single-soc-icon-df31cecacbc372e273f14c0340dfaa3a .soc-font-icon,\n.dt-shortcode-soc-icons a.single-soc-icon-df31cecacbc372e273f14c0340dfaa3a .soc-icon {\n  font-size: 36px;\n}\n<\/style><a title=\"Be Aware - LinkedIn\" href=\"https:\/\/www.linkedin.com\/company\/be-aware-projekt\/\"  target=\"_blank\" rel=\"nofollow\"class=\"linkedin single-soc-icon-df31cecacbc372e273f14c0340dfaa3a dt-icon-bg-on dt-icon-hover-bg-off  \" ><i class=\"soc-icon soc-font-icon dt-icon-linkedin\"><\/i><span class=\"screen-reader-text\">Be Aware - LinkedIn<\/span><\/a><\/div>[\/vc_column][\/vc_row][vc_row][vc_column]<div id=\"ultimate-heading-357769d477f628c39\" class=\"uvc-heading ult-adjust-bottom-margin ultimate-heading-357769d477f628c39 uvc-7360 \" data-hspacer=\"line_only\"  data-halign=\"center\" style=\"text-align:center\"><div class=\"uvc-main-heading ult-responsive\"  data-ultimate-target='.uvc-heading.ultimate-heading-357769d477f628c39 h1'  data-responsive-json-new='{\"font-size\":\"tablet:44px;tablet_portrait:36px;mobile_landscape:34px;mobile:32px;\",\"line-height\":\"\"}' ><h1 style=\"font-weight:bold;\">Newsletter<\/h1><\/div><div class=\"uvc-heading-spacer line_only\" style=\"margin-top:25px;margin-bottom:50px;height:2px;\"><span class=\"uvc-headings-line\" style=\"border-style:solid;border-bottom-width:2px;border-color:#d92128;width:150px;\"><\/span><\/div><\/div>[vc_row_inner equal_height=&#8220;yes&#8220; gap=&#8220;35&#8243;][vc_column_inner width=&#8220;1\/4&#8243; css=&#8220;.vc_custom_1593033736347{border-top-width: 5px !important;border-right-width: 5px !important;border-bottom-width: 5px !important;border-left-width: 5px !important;border-left-color: #d92128 !important;border-left-style: solid !important;border-right-color: #d92128 !important;border-right-style: solid !important;border-top-color: #d92128 !important;border-top-style: solid !important;border-bottom-color: #d92128 !important;border-bottom-style: solid !important;border-radius: 10px !important;}&#8220;][vc_column_text]<\/p>\n<p style=\"text-align: center;\"><strong>#1 J\u00e4nner 2020<\/strong><\/p>\n<ul>\n<li><a href=\"https:\/\/www.beaware.eu.com\/wp-content\/uploads\/2020\/01\/BeAware-newsletter-1-de.html\" target=\"_blank\" rel=\"noopener noreferrer\">Deutsch<\/a><\/li>\n<li><a href=\"https:\/\/www.beaware.eu.com\/wp-content\/uploads\/2020\/01\/BeAware-newsletter-1-en.html\" target=\"_blank\" rel=\"noopener noreferrer\">English<\/a><\/li>\n<li><a href=\"https:\/\/www.beaware.eu.com\/wp-content\/uploads\/2020\/01\/BeAware-newsletter-1-bg.html\" target=\"_blank\" rel=\"noopener noreferrer\">\u0431\u044a\u043b\u0433\u0430\u0440\u0441\u043a\u0438<\/a><\/li>\n<li><a href=\"https:\/\/www.beaware.eu.com\/wp-content\/uploads\/2020\/01\/BeAware-newsletter-1-lt.html\" target=\"_blank\" rel=\"noopener noreferrer\">Lietuvi\u0173<\/a><\/li>\n<li><a href=\"https:\/\/www.beaware.eu.com\/wp-content\/uploads\/2020\/01\/BeAware-newsletter-1-es.html\" target=\"_blank\" rel=\"noopener noreferrer\">Espa\u00f1ol<\/a><\/li>\n<li><a href=\"https:\/\/www.beaware.eu.com\/wp-content\/uploads\/2020\/01\/BeAware-newsletter-1-tr.html\" target=\"_blank\" rel=\"noopener noreferrer\">Turkish<\/a><\/li>\n<\/ul>\n<p>[\/vc_column_text][\/vc_column_inner][vc_column_inner width=&#8220;1\/4&#8243; css=&#8220;.vc_custom_1580897547343{border-top-width: 5px !important;border-right-width: 5px !important;border-bottom-width: 5px !important;border-left-width: 5px !important;border-left-color: #d92128 !important;border-left-style: solid !important;border-right-color: #d92128 !important;border-right-style: solid !important;border-top-color: #d92128 !important;border-top-style: solid !important;border-bottom-color: #d92128 !important;border-bottom-style: solid !important;border-radius: 10px !important;}&#8220;][vc_column_text]<\/p>\n<p style=\"text-align: center;\"><strong>#2 Juni 2020<\/strong><\/p>\n<ul>\n<li><a href=\"https:\/\/www.beaware.eu.com\/wp-content\/uploads\/2020\/06\/BeAware-newsletter-2-DE.html\" target=\"_blank\" rel=\"noopener noreferrer\">Deutsch<\/a><\/li>\n<li><a href=\"https:\/\/www.beaware.eu.com\/wp-content\/uploads\/2020\/06\/BeAware-newsletter-2-EN.html\" target=\"_blank\" rel=\"noopener noreferrer\">English<\/a><\/li>\n<li><a href=\"https:\/\/www.beaware.eu.com\/wp-content\/uploads\/2020\/06\/BeAware-newsletter-2-BG.html\" target=\"_blank\" rel=\"noopener noreferrer\">\u0431\u044a\u043b\u0433\u0430\u0440\u0441\u043a\u0438<\/a><\/li>\n<li><a href=\"https:\/\/www.beaware.eu.com\/wp-content\/uploads\/2020\/06\/BeAware-newsletter-2-LT.html\" target=\"_blank\" rel=\"noopener noreferrer\">Lietuvi\u0173<\/a><\/li>\n<li><a href=\"https:\/\/www.beaware.eu.com\/wp-content\/uploads\/2020\/06\/BeAware-newsletter-2-ES.html\" target=\"_blank\" rel=\"noopener noreferrer\">Espa\u00f1ol<\/a><\/li>\n<li><a href=\"https:\/\/www.beaware.eu.com\/wp-content\/uploads\/2020\/06\/BeAware-newsletter-2-TR.html\" target=\"_blank\" rel=\"noopener noreferrer\">Turkish<\/a><\/li>\n<\/ul>\n<p>[\/vc_column_text][\/vc_column_inner][vc_column_inner width=&#8220;1\/4&#8243; css=&#8220;.vc_custom_1612364121705{border-top-width: 5px !important;border-right-width: 5px !important;border-bottom-width: 5px !important;border-left-width: 5px !important;border-left-color: #d92128 !important;border-left-style: solid !important;border-right-color: #d92128 !important;border-right-style: solid !important;border-top-color: #d92128 !important;border-top-style: solid !important;border-bottom-color: #d92128 !important;border-bottom-style: solid !important;border-radius: 10px !important;}&#8220;][vc_column_text]<\/p>\n<p style=\"text-align: center;\"><strong>#3 J\u00e4nner 2021<\/strong><\/p>\n<ul>\n<li><a href=\"https:\/\/www.beaware.eu.com\/wp-content\/uploads\/2021\/02\/BeAware-newsletter-3-DE.html\" target=\"_blank\" rel=\"noopener noreferrer\">Deutsch<\/a><\/li>\n<li><a href=\"https:\/\/www.beaware.eu.com\/wp-content\/uploads\/2021\/02\/BeAware-newsletter-3-EN.html\" target=\"_blank\" rel=\"noopener noreferrer\">English<\/a><\/li>\n<li><a href=\"https:\/\/www.beaware.eu.com\/wp-content\/uploads\/2021\/02\/BeAware-newsletter-3-BG.html\" target=\"_blank\" rel=\"noopener noreferrer\">\u0431\u044a\u043b\u0433\u0430\u0440\u0441\u043a\u0438<\/a><\/li>\n<li><a href=\"https:\/\/www.beaware.eu.com\/wp-content\/uploads\/2021\/02\/BeAware-newsletter-3-LT.html\" target=\"_blank\" rel=\"noopener noreferrer\">Lietuvi\u0173<\/a><\/li>\n<li><a href=\"https:\/\/www.beaware.eu.com\/wp-content\/uploads\/2021\/02\/BeAware-newsletter-3-ES.html\" target=\"_blank\" rel=\"noopener noreferrer\">Espa\u00f1ol<\/a><\/li>\n<li><a href=\"https:\/\/www.beaware.eu.com\/wp-content\/uploads\/2021\/02\/BeAware-newsletter-3-TR.html\" target=\"_blank\" rel=\"noopener noreferrer\">Turkish<\/a><\/li>\n<\/ul>\n<p>[\/vc_column_text][\/vc_column_inner][vc_column_inner width=&#8220;1\/4&#8243; css=&#8220;.vc_custom_1623921320749{border-top-width: 5px !important;border-right-width: 5px !important;border-bottom-width: 5px !important;border-left-width: 5px !important;border-left-color: #d92128 !important;border-left-style: solid !important;border-right-color: #d92128 !important;border-right-style: solid !important;border-top-color: #d92128 !important;border-top-style: solid !important;border-bottom-color: #d92128 !important;border-bottom-style: solid !important;border-radius: 10px !important;}&#8220;][vc_column_text]<\/p>\n<p style=\"text-align: center;\"><strong>#4 Juni 2021<\/strong><\/p>\n<ul>\n<li><a href=\"https:\/\/www.beaware.eu.com\/wp-content\/uploads\/2021\/06\/BeAware-newsletter-4-DE.html\" target=\"_blank\" rel=\"noopener noreferrer\">Deutsch<\/a><\/li>\n<li><a href=\"https:\/\/www.beaware.eu.com\/wp-content\/uploads\/2021\/06\/BeAware-newsletter-4-EN.html\" target=\"_blank\" rel=\"noopener noreferrer\">English<\/a><\/li>\n<li><a href=\"https:\/\/www.beaware.eu.com\/wp-content\/uploads\/2021\/07\/BeAware-newsletter-4-BG.html\" target=\"_blank\" rel=\"noopener noreferrer\">\u0431\u044a\u043b\u0433\u0430\u0440\u0441\u043a\u0438<\/a><\/li>\n<li><a href=\"https:\/\/www.beaware.eu.com\/wp-content\/uploads\/2021\/07\/BeAware-newsletter-4-LT.html\" target=\"_blank\" rel=\"noopener noreferrer\">Lietuvi\u0173<\/a><\/li>\n<li><a href=\"https:\/\/www.beaware.eu.com\/?mailpoet_router&amp;endpoint=view_in_browser&amp;action=view&amp;data=WzIyLCI1MWM4YmQxN2QwYWQiLDAsMCwwLDFd\" target=\"_blank\" rel=\"noopener noreferrer\">Espa\u00f1ol<\/a><\/li>\n<li><a href=\"https:\/\/www.beaware.eu.com\/wp-content\/uploads\/2021\/06\/BeAware-newsletter-4-TR.html\" target=\"_blank\" rel=\"noopener noreferrer\">Turkish<\/a><\/li>\n<\/ul>\n<p>[\/vc_column_text][\/vc_column_inner][\/vc_row_inner][\/vc_column][\/vc_row]<\/p>","protected":false},"excerpt":{"rendered":"<p>[vc_row][vc_column][vc_row_inner gap=&#8220;35&#8243;][vc_column_inner width=&#8220;1\/3&#8243; css=&#8220;.vc_custom_1592165224026{margin-bottom: 50px !important;}&#8220;][vc_single_image image=&#8220;1778&#8243; img_size=&#8220;&#8220; onclick=&#8220;custom_link&#8220; img_link_target=&#8220;_blank&#8220; link=&#8220;https:\/\/www.beaware.eu.com\/wp-content\/uploads\/2019\/10\/BeAware_IO1_Summary_DE.pdf&#8220;][vc_column_text] IO1 &#8211; Zusammenfassung Forschungsarbeit \u00fcber nationale\/kulturelle Anpassungensbed\u00fcrfnisse f\u00fcr die Entwicklung und Implementierung von Trainings und Akkreditierung Be Aware suggeriert eine systematische Herangehensweise, durch die Bereitstellung verschiedener Instrumente und Methoden, um die berufliche Entwicklung von HR ManagerInnen, VET TrainerInnen, LerherInnen, MentorInnen und ArbeitnehmervertreterInnen zu verbessern&#8230;&hellip;<\/p>\n","protected":false},"author":1,"featured_media":0,"parent":0,"menu_order":0,"comment_status":"closed","ping_status":"closed","template":"","meta":[],"_links":{"self":[{"href":"https:\/\/www.beaware.eu.com\/de\/wp-json\/wp\/v2\/pages\/1774"}],"collection":[{"href":"https:\/\/www.beaware.eu.com\/de\/wp-json\/wp\/v2\/pages"}],"about":[{"href":"https:\/\/www.beaware.eu.com\/de\/wp-json\/wp\/v2\/types\/page"}],"author":[{"embeddable":true,"href":"https:\/\/www.beaware.eu.com\/de\/wp-json\/wp\/v2\/users\/1"}],"replies":[{"embeddable":true,"href":"https:\/\/www.beaware.eu.com\/de\/wp-json\/wp\/v2\/comments?post=1774"}],"version-history":[{"count":42,"href":"https:\/\/www.beaware.eu.com\/de\/wp-json\/wp\/v2\/pages\/1774\/revisions"}],"predecessor-version":[{"id":2204,"href":"https:\/\/www.beaware.eu.com\/de\/wp-json\/wp\/v2\/pages\/1774\/revisions\/2204"}],"wp:attachment":[{"href":"https:\/\/www.beaware.eu.com\/de\/wp-json\/wp\/v2\/media?parent=1774"}],"curies":[{"name":"wp","href":"https:\/\/api.w.org\/{rel}","templated":true}]}}