{"id":1558,"date":"2019-07-26T10:32:10","date_gmt":"2019-07-26T10:32:10","guid":{"rendered":"https:\/\/www.beaware.eu.com\/?page_id=1558"},"modified":"2024-11-13T10:03:28","modified_gmt":"2024-11-13T10:03:28","slug":"impressum","status":"publish","type":"page","link":"https:\/\/www.beaware.eu.com\/es\/impressum\/","title":{"rendered":"Aviso Legal"},"content":{"rendered":"<p>[vc_row css=\u00bb.vc_custom_1564136963572{padding-top: 100px !important;padding-bottom: 100px !important;}\u00bb][vc_column][vc_column_text]<\/p>\n<h4><strong>Frauen im Brennpunkt<\/strong><\/h4>\n<p>Innrain 25<br \/>\n6020 Innsbruck | Austria<\/p>\n<p><span style=\"font-weight: 400;\">Tel\u00e9fono: 0043 512 587608<br \/>\n<\/span><span style=\"font-weight: 400;\">E-mail: coordination.eu@fib.at<\/span><a style=\"text-align: justify;\" href=\"https:\/\/ec.europa.eu\/consumers\/odr\" target=\"_blank\" rel=\"noopener noreferrer\"><br \/>\n<\/a><\/p>\n<p><span style=\"font-weight: 400;\">ZVR: 370671536<\/span><a style=\"text-align: justify;\" href=\"https:\/\/ec.europa.eu\/consumers\/odr\" target=\"_blank\" rel=\"noopener noreferrer\"><br \/>\n<\/a><\/p>\n<p><span style=\"font-weight: 400;\">N\u00famero de proyecto: 2018-1-AT01-KA202-039286<\/span><\/p>\n<p>&nbsp;<\/p>\n<p><b>La soluci\u00f3n de diferencias<\/b><\/p>\n<p><span style=\"font-weight: 400;\">La Comisi\u00f3n Europea proporciona una plataforma para la resoluci\u00f3n de disputas (OS) en l\u00ednea: <\/span><a style=\"text-align: justify;\" href=\"https:\/\/ec.europa.eu\/consumers\/odr\" target=\"_blank\" rel=\"noopener noreferrer\">https:\/\/ec.europa.eu\/consumers\/odr<\/a><span style=\"text-align: justify;\">.\u00a0<\/span><span style=\"font-weight: 400;\">Nuestra direcci\u00f3n de correo electr\u00f3nico se puede encontrar arriba en la impresi\u00f3n.<\/span><\/p>\n<p><span style=\"font-weight: 400;\">No estamos dispuestos u obligados a participar en los procedimientos de resoluci\u00f3n de disputas ante una junta de arbitraje de consumidores.<\/span><span style=\"text-align: justify;\"><br \/>\n<\/span><\/p>\n<p>&nbsp;<\/p>\n<p><b>Responsabilidad por el contenido<\/b><\/p>\n<p><span style=\"font-weight: 400;\">Como proveedor de servicios, somos responsables de acuerdo con \u00a7 7 Abs.1 TMG de los contenidos propios de estos lados de acuerdo con las leyes generales. Sin embargo, seg\u00fan \u00a7\u00a7 8 a 10 TMG, nosotros, como proveedores de servicios, no estamos obligados a monitorear la informaci\u00f3n de terceros transmitida o almacenada ni a investigar circunstancias que indiquen una actividad ilegal.<\/span><\/p>\n<p><span style=\"font-weight: 400;\">Las obligaciones de eliminar o bloquear el uso de la informaci\u00f3n seg\u00fan la ley general no se ver\u00e1n afectadas. Sin embargo, la responsabilidad a este respecto solo es posible desde el momento del conocimiento de una infracci\u00f3n espec\u00edfica. Tras la notificaci\u00f3n de las infracciones apropiadas, eliminaremos este contenido de inmediato.<\/span><\/p>\n<p><span style=\"text-align: justify;\">\u00a0<\/span><\/p>\n<p><b>Responsabilidad por enlaces<\/b><\/p>\n<p><span style=\"font-weight: 400;\">Nuestra oferta contiene enlaces a sitios web externos de terceros sobre cuyos contenidos no tenemos influencia. Por lo tanto, no podemos asumir ninguna responsabilidad por estos contenidos externos. El contenido de las p\u00e1ginas enlazadas es siempre responsabilidad del respectivo proveedor u operador de las p\u00e1ginas. Se verificaron las p\u00e1ginas vinculadas en busca de posibles violaciones legales en el momento del enlace. El contenido ilegal no era reconocible en el momento de la vinculaci\u00f3n.<\/span><\/p>\n<p><span style=\"font-weight: 400;\">Sin embargo, un control de contenido permanente de las p\u00e1ginas enlazadas no es razonable sin evidencia concreta de una violaci\u00f3n de la ley. Tras la notificaci\u00f3n de violaciones, eliminaremos dichos enlaces de inmediato.<\/span><\/p>\n<p><span style=\"text-align: justify;\">\u00a0<\/span><\/p>\n<p><b>Derechos de autor<\/b><\/p>\n<p><span style=\"font-weight: 400;\">El contenido y los trabajos en estas p\u00e1ginas creados por los operadores del sitio est\u00e1n sujetos a la ley alemana de derechos de autor. La duplicaci\u00f3n, el procesamiento, la distribuci\u00f3n y cualquier tipo de explotaci\u00f3n fuera de los l\u00edmites de los derechos de autor requieren el consentimiento por escrito del autor o creador respectivo.<\/span><\/p>\n<p><span style=\"font-weight: 400;\">Las descargas y copias de este sitio son solo para uso privado y no comercial. En la medida en que los contenidos de este lado no fueron creados por el operador, se consideran los derechos de autor de terceros. En particular, el contenido de terceros se identifica como tal. Si a\u00fan tiene conocimiento de una infracci\u00f3n de derechos de autor, le pedimos una nota. Tras la notificaci\u00f3n de infracciones, eliminaremos dicho contenido de inmediato.<\/span>[\/vc_column_text][\/vc_column][\/vc_row]<\/p>","protected":false},"excerpt":{"rendered":"<p>[vc_row css=\u00bb.vc_custom_1564136963572{padding-top: 100px !important;padding-bottom: 100px !important;}\u00bb][vc_column][vc_column_text] Frauen im Brennpunkt Innrain 25 6020 Innsbruck | Austria Tel\u00e9fono: 0043 512 587608 E-mail: coordination.eu@fib.at ZVR: 370671536 N\u00famero de proyecto: 2018-1-AT01-KA202-039286 &nbsp; La soluci\u00f3n de diferencias La Comisi\u00f3n Europea proporciona una plataforma para la resoluci\u00f3n de disputas (OS) en l\u00ednea: https:\/\/ec.europa.eu\/consumers\/odr.\u00a0Nuestra direcci\u00f3n de correo electr\u00f3nico se puede encontrar arriba&hellip;<\/p>\n","protected":false},"author":1,"featured_media":0,"parent":0,"menu_order":0,"comment_status":"closed","ping_status":"closed","template":"","meta":[],"_links":{"self":[{"href":"https:\/\/www.beaware.eu.com\/es\/wp-json\/wp\/v2\/pages\/1558"}],"collection":[{"href":"https:\/\/www.beaware.eu.com\/es\/wp-json\/wp\/v2\/pages"}],"about":[{"href":"https:\/\/www.beaware.eu.com\/es\/wp-json\/wp\/v2\/types\/page"}],"author":[{"embeddable":true,"href":"https:\/\/www.beaware.eu.com\/es\/wp-json\/wp\/v2\/users\/1"}],"replies":[{"embeddable":true,"href":"https:\/\/www.beaware.eu.com\/es\/wp-json\/wp\/v2\/comments?post=1558"}],"version-history":[{"count":6,"href":"https:\/\/www.beaware.eu.com\/es\/wp-json\/wp\/v2\/pages\/1558\/revisions"}],"predecessor-version":[{"id":2213,"href":"https:\/\/www.beaware.eu.com\/es\/wp-json\/wp\/v2\/pages\/1558\/revisions\/2213"}],"wp:attachment":[{"href":"https:\/\/www.beaware.eu.com\/es\/wp-json\/wp\/v2\/media?parent=1558"}],"curies":[{"name":"wp","href":"https:\/\/api.w.org\/{rel}","templated":true}]}}