{"id":1774,"date":"2020-02-05T09:07:39","date_gmt":"2020-02-05T09:07:39","guid":{"rendered":"https:\/\/www.beaware.eu.com\/?page_id=1774"},"modified":"2021-10-29T09:22:02","modified_gmt":"2021-10-29T09:22:02","slug":"news","status":"publish","type":"page","link":"https:\/\/www.beaware.eu.com\/es\/news\/","title":{"rendered":"News"},"content":{"rendered":"<p>[vc_row][vc_column]<div id=\"ultimate-heading-515069e7342bc4634\" class=\"uvc-heading ult-adjust-bottom-margin ultimate-heading-515069e7342bc4634 uvc-5033 \" data-hspacer=\"line_only\"  data-halign=\"center\" style=\"text-align:center\"><div class=\"uvc-main-heading ult-responsive\"  data-ultimate-target='.uvc-heading.ultimate-heading-515069e7342bc4634 h1'  data-responsive-json-new='{\"font-size\":\"tablet:44px;tablet_portrait:36px;mobile_landscape:34px;mobile:32px;\",\"line-height\":\"\"}' ><h1 style=\"font-weight:bold;\">Lea nuestros art\u00edculos<\/h1><\/div><div class=\"uvc-heading-spacer line_only\" style=\"margin-top:25px;margin-bottom:50px;height:2px;\"><span class=\"uvc-headings-line\" style=\"border-style:solid;border-bottom-width:2px;border-color:#d92128;width:150px;\"><\/span><\/div><\/div>[vc_row_inner gap=\u00bb35&#8243;][vc_column_inner width=\u00bb1\/3&#8243; css=\u00bb.vc_custom_1592166186622{margin-bottom: 50px !important;}\u00bb][vc_single_image image=\u00bb1858&#8243; img_size=\u00bb\u00bb onclick=\u00bbcustom_link\u00bb img_link_target=\u00bb_blank\u00bb link=\u00bbhttps:\/\/www.beaware.eu.com\/wp-content\/uploads\/2019\/10\/IO1_Research-paper_Summary_-ES.pdf\u00bb][vc_column_text]<\/p>\n<p style=\"text-align: left;\"><strong>IO1 &#8211; RESUMEN DE LA INVESTIGACI\u00d3N SOBRE LAS NECESIDADES DE ADAPTACI\u00d3N NACIONAL\/CULTURAL PARA EL DESARROLLO Y LA IMPLEMENTACI\u00d3N DE LA FORMACI\u00d3N Y LA ACREDITACI\u00d3N<\/strong><\/p>\n<p style=\"text-align: left;\">Las diferentes definiciones del t\u00e9rmino acoso sexual en todos los pa\u00edses miembros del proyecto \u201cBe Aware!\u201d tienen el mismo significado: un comportamiento unilateral e indeseado donde la sexualidad y\/o las diferentes construcciones de sexualidad se usan para oprimir a otra persona, posicionarla y producir o mantener un sentimiento de vulnerabilidad en ella&#8230;<\/p>\n<p>[\/vc_column_text]<style type=\"text\/css\" data-type=\"the7_shortcodes-inline-css\">#default-btn-c522f267ba10247f8f1d6f026e752687.ico-right-side > i {\n  margin-right: 0px;\n  margin-left: 8px;\n}\n#default-btn-c522f267ba10247f8f1d6f026e752687 > i {\n  margin-right: 8px;\n}\n#default-btn-c522f267ba10247f8f1d6f026e752687 * {\n  vertical-align: middle;\n}\n<\/style><a href=\"https:\/\/www.beaware.eu.com\/wp-content\/uploads\/2019\/10\/IO1_Research-paper_Summary_-ES.pdf\" class=\"default-btn-shortcode dt-btn dt-btn-s link-hover-off btn-inline-left \" target=\"_blank\" id=\"default-btn-c522f267ba10247f8f1d6f026e752687\" rel=\"noopener\"><span>Lee mas&#8230;<\/span><\/a>[\/vc_column_inner][vc_column_inner width=\u00bb1\/3&#8243; css=\u00bb.vc_custom_1592166196557{margin-bottom: 50px !important;}\u00bb][vc_single_image image=\u00bb1852&#8243; img_size=\u00bb\u00bb onclick=\u00bbcustom_link\u00bb img_link_target=\u00bb_blank\u00bb link=\u00bbhttps:\/\/www.beaware.eu.com\/wp-content\/uploads\/2020\/03\/IO2_Be-Aware-Standards-for-VET_Trainings_EN.pdf\u00bb][vc_column_text]<\/p>\n<p style=\"text-align: left;\"><strong>IO<\/strong><strong>2 &#8211; STANDARDS FOR VET-TRAINING<br \/>\nErasmus+: KA2 &#8211; Cooperation for Innovation and the Exchange of Good Practices &#8211; Strategic Partnerships for adult education<\/strong><\/p>\n<p style=\"text-align: left;\">Be Aware \u2013 Strengthening Competences to Face Sexual Harassment at the workplace is a three-year project, funded by the European Commission, Erasmus+ Strategic Partnerships for Vocational Education and Training (VET). It aims to reducing sexual harassment at the workplace&#8230;<\/p>\n<p>[\/vc_column_text]<style type=\"text\/css\" data-type=\"the7_shortcodes-inline-css\">#default-btn-718e81e2d51da52a267ae5ea951e7c25.ico-right-side > i {\n  margin-right: 0px;\n  margin-left: 8px;\n}\n#default-btn-718e81e2d51da52a267ae5ea951e7c25 > i {\n  margin-right: 8px;\n}\n#default-btn-718e81e2d51da52a267ae5ea951e7c25 * {\n  vertical-align: middle;\n}\n<\/style><a href=\"https:\/\/www.beaware.eu.com\/wp-content\/uploads\/2020\/03\/IO2_Be-Aware-Standards-for-VET_Trainings_EN.pdf\" class=\"default-btn-shortcode dt-btn dt-btn-s link-hover-off btn-inline-left \" target=\"_blank\" id=\"default-btn-718e81e2d51da52a267ae5ea951e7c25\" rel=\"noopener\"><span>Lee mas&#8230;<\/span><\/a>[\/vc_column_inner][vc_column_inner width=\u00bb1\/3&#8243; css=\u00bb.vc_custom_1592166202661{margin-bottom: 50px !important;}\u00bb][vc_single_image image=\u00bb2133&#8243; img_size=\u00bb\u00bb onclick=\u00bbcustom_link\u00bb img_link_target=\u00bb_blank\u00bb link=\u00bbhttps:\/\/www.beaware.eu.com\/wp-content\/uploads\/2021\/05\/IO3_Development-of-Systemic-Prevention-Measures-and-Support-in-Organisations_ES_FinalVersion.pdf\u00bb][vc_column_text]<\/p>\n<p style=\"text-align: left;\"><strong>IO3 &#8211; CURSO DE FORMACI\u00d3N A DISTANCIA Y PRESENCIAL: DESARROLLO DE MEDIDAS DE PREVENCI\u00d3N SIST\u00c9MICA Y ORGANIZACIONES DE APOYO<\/strong><\/p>\n<p style=\"text-align: left;\">Este producto intelectual llamado \u201cCurso de formaci\u00f3n a distancia y presencial\u201d incluye tres secciones principales. Despu\u00e9s de una introducci\u00f3n al proyecto en s\u00ed, hay un breve resumen de los t\u00e9rminos principales que el usuario necesita saber de antemano&#8230;<\/p>\n<p>[\/vc_column_text]<style type=\"text\/css\" data-type=\"the7_shortcodes-inline-css\">#default-btn-e313fcece9ba9c2a8c9e9e8f7c47fcde.ico-right-side > i {\n  margin-right: 0px;\n  margin-left: 8px;\n}\n#default-btn-e313fcece9ba9c2a8c9e9e8f7c47fcde > i {\n  margin-right: 8px;\n}\n#default-btn-e313fcece9ba9c2a8c9e9e8f7c47fcde * {\n  vertical-align: middle;\n}\n<\/style><a href=\"https:\/\/www.beaware.eu.com\/wp-content\/uploads\/2021\/05\/IO3_Development-of-Systemic-Prevention-Measures-and-Support-in-Organisations_ES_FinalVersion.pdf\" class=\"default-btn-shortcode dt-btn dt-btn-s link-hover-off btn-inline-left \" target=\"_blank\" id=\"default-btn-e313fcece9ba9c2a8c9e9e8f7c47fcde\" rel=\"noopener\"><span>Lee mas&#8230;<\/span><\/a>[\/vc_column_inner][\/vc_row_inner][vc_row_inner gap=\u00bb35&#8243;][vc_column_inner width=\u00bb1\/3&#8243; css=\u00bb.vc_custom_1592166202661{margin-bottom: 50px !important;}\u00bb][vc_single_image image=\u00bb2132&#8243; img_size=\u00bb\u00bb onclick=\u00bbcustom_link\u00bb img_link_target=\u00bb_blank\u00bb link=\u00bbhttps:\/\/www.beaware.eu.com\/wp-content\/uploads\/2021\/05\/Be-Aware_IO4_Distance-FTF_ES_Final.pdf\u00bb][vc_column_text]<\/p>\n<p style=\"text-align: left;\"><strong>IO4 &#8211; CURSO A DISTANCIA Y PRESENCIAL PARA LA SENSIBILIZACI\u00d3N EN LAS EMPRESAS<\/strong><\/p>\n<p style=\"text-align: left;\">El acoso sexual en el lugar de trabajo es una forma de discriminaci\u00f3n que incluye cualquier comportamiento, comentario o conducta fuera de lugar con respecto al sexo, g\u00e9nero u orientaci\u00f3n sexual. Se estima que seis de cada diez mujeres en Europa han sufrido tratamiento sexista o sufrieron violencia sexual durante sus carreras&#8230;<\/p>\n<p>[\/vc_column_text]<style type=\"text\/css\" data-type=\"the7_shortcodes-inline-css\">#default-btn-0cb2b8761477b41f956c214715e14542.ico-right-side > i {\n  margin-right: 0px;\n  margin-left: 8px;\n}\n#default-btn-0cb2b8761477b41f956c214715e14542 > i {\n  margin-right: 8px;\n}\n#default-btn-0cb2b8761477b41f956c214715e14542 * {\n  vertical-align: middle;\n}\n<\/style><a href=\"https:\/\/www.beaware.eu.com\/wp-content\/uploads\/2021\/05\/Be-Aware_IO4_Distance-FTF_ES_Final.pdf\" class=\"default-btn-shortcode dt-btn dt-btn-s link-hover-off btn-inline-left \" target=\"_blank\" id=\"default-btn-0cb2b8761477b41f956c214715e14542\" rel=\"noopener\"><span>Lee mas&#8230;<\/span><\/a>[\/vc_column_inner][vc_column_inner width=\u00bb1\/3&#8243; css=\u00bb.vc_custom_1592166186622{margin-bottom: 50px !important;}\u00bb][vc_single_image image=\u00bb2184&#8243; img_size=\u00bb\u00bb onclick=\u00bbcustom_link\u00bb img_link_target=\u00bb_blank\u00bb link=\u00bbhttps:\/\/www.beaware.eu.com\/wp-content\/uploads\/2021\/10\/IO5_ES_Be-Aware_Transfer-Handbook-for-Be-Aware-Methodology-and-National-Implementation.pdf\u00bb][vc_column_text]<\/p>\n<p style=\"text-align: left;\"><strong>IO5 \u2013 MANUAL DE TRANSFERENCIA DE LA METODOLOG\u00cdA BE AWARE E IMPLEMENTACI\u00d3N NACIONAL<\/strong><\/p>\n<p style=\"text-align: left;\">El acoso sexual se identifica como cualquier tipo de comportamiento no deseado e insultante sexualmente, ya sea verbal, escrito o f\u00edsico, y realizado con el objetivo de atentar contra la dignidad de una persona, al crear un ambiente intimidante, hostil, humillante u ofensivo&#8230;<\/p>\n<p>[\/vc_column_text]<style type=\"text\/css\" data-type=\"the7_shortcodes-inline-css\">#default-btn-f3bfe86b2357a7ad937476c80050c73b.ico-right-side > i {\n  margin-right: 0px;\n  margin-left: 8px;\n}\n#default-btn-f3bfe86b2357a7ad937476c80050c73b > i {\n  margin-right: 8px;\n}\n#default-btn-f3bfe86b2357a7ad937476c80050c73b * {\n  vertical-align: middle;\n}\n<\/style><a href=\"https:\/\/www.beaware.eu.com\/wp-content\/uploads\/2021\/10\/IO5_ES_Be-Aware_Transfer-Handbook-for-Be-Aware-Methodology-and-National-Implementation.pdf\" class=\"default-btn-shortcode dt-btn dt-btn-s link-hover-off btn-inline-left \" target=\"_blank\" id=\"default-btn-f3bfe86b2357a7ad937476c80050c73b\" rel=\"noopener\"><span>Lee mas&#8230;<\/span><\/a>[\/vc_column_inner][vc_column_inner width=\u00bb1\/3&#8243; css=\u00bb.vc_custom_1592166196557{margin-bottom: 50px !important;}\u00bb][\/vc_column_inner][\/vc_row_inner][\/vc_column][\/vc_row][vc_row full_width=\u00bbstretch_row\u00bb content_placement=\u00bbmiddle\u00bb bg_type=\u00bbbg_color\u00bb bg_color_value=\u00bb#f2f2f2&#8243; css=\u00bb.vc_custom_1593180850518{margin-top: 80px !important;margin-bottom: 100px !important;padding-top: 35px !important;padding-bottom: 35px !important;}\u00bb][vc_column css=\u00bb.vc_custom_1593180158504{padding-top: 0px !important;padding-bottom: 0px !important;}\u00bb][vc_column_text css=\u00bb.vc_custom_1593184444527{margin-top: 10px !important;margin-bottom: 10px !important;}\u00bb]<\/p>\n<h3 style=\"text-align: center;\">Mantente informado de nuestras redes sociales<\/h3>\n<p>[\/vc_column_text]<style type=\"text\/css\" data-type=\"the7_shortcodes-inline-css\">.dt-shortcode-soc-icons.soc-icons-e28502fc247a69a198cdf69a4a000470 a {\n  margin-right: 35px;\n}\n.dt-shortcode-soc-icons a.soc-icons-e28502fc247a69a198cdf69a4a000470 {\n  margin-right: 35px;\n}\n.dt-shortcode-soc-icons a.soc-icons-e28502fc247a69a198cdf69a4a000470:last-child {\n  margin-right: 0;\n}\n.dt-shortcode-soc-icons a.soc-icons-e28502fc247a69a198cdf69a4a000470:before,\n.dt-shortcode-soc-icons a.soc-icons-e28502fc247a69a198cdf69a4a000470:after {\n  padding: inherit;\n}\n.dt-shortcode-soc-icons a.soc-icons-e28502fc247a69a198cdf69a4a000470.dt-icon-border-on:before {\n  border:  solid ;\n}\n.dt-shortcode-soc-icons a.soc-icons-e28502fc247a69a198cdf69a4a000470.dt-icon-hover-border-on:after {\n  border:  solid ;\n}\n<\/style><div class=\"dt-shortcode-soc-icons  soc-icons-e28502fc247a69a198cdf69a4a000470 soc-icons-center  vc_custom_1593180544491\" ><style type=\"text\/css\" data-type=\"the7_shortcodes-inline-css\">.dt-shortcode-soc-icons a.single-soc-icon-ee8f61fa1308353a7be69b8f660c7906 {\n  min-width: 70px;\n  min-height: 70px;\n  font-size: 36px;\n  border-radius: 100px;\n}\n.dt-shortcode-soc-icons a.single-soc-icon-ee8f61fa1308353a7be69b8f660c7906:last-child {\n  margin-right: 0;\n}\n.dt-shortcode-soc-icons a.single-soc-icon-ee8f61fa1308353a7be69b8f660c7906:before,\n.dt-shortcode-soc-icons a.single-soc-icon-ee8f61fa1308353a7be69b8f660c7906:after {\n  min-width: 70px;\n  min-height: 70px;\n  padding: inherit;\n}\n.dt-shortcode-soc-icons a.single-soc-icon-ee8f61fa1308353a7be69b8f660c7906.dt-icon-border-on:before {\n  border: 0px solid ;\n}\n.dt-shortcode-soc-icons a.single-soc-icon-ee8f61fa1308353a7be69b8f660c7906.dt-icon-hover-border-on:after {\n  border: 0px solid ;\n}\n.dt-shortcode-soc-icons a.single-soc-icon-ee8f61fa1308353a7be69b8f660c7906:hover {\n  font-size: 36px;\n}\n#page .dt-shortcode-soc-icons a.single-soc-icon-ee8f61fa1308353a7be69b8f660c7906:not(:hover) .soc-font-icon,\n#phantom .dt-shortcode-soc-icons a.single-soc-icon-ee8f61fa1308353a7be69b8f660c7906:not(:hover) .soc-font-icon,\n#page .dt-shortcode-soc-icons a.single-soc-icon-ee8f61fa1308353a7be69b8f660c7906:not(:hover) .soc-icon,\n#phantom .dt-shortcode-soc-icons a.single-soc-icon-ee8f61fa1308353a7be69b8f660c7906:not(:hover) .soc-icon {\n  color: #ffffff;\n  background: none;\n}\n.dt-shortcode-soc-icons a.single-soc-icon-ee8f61fa1308353a7be69b8f660c7906 .soc-font-icon,\n.dt-shortcode-soc-icons a.single-soc-icon-ee8f61fa1308353a7be69b8f660c7906 .soc-icon {\n  font-size: 36px;\n}\n<\/style><a title=\"Be Aware - Facebook\" href=\"https:\/\/www.facebook.com\/pg\/Be-Aware-815219465522322\/about\/?ref=page_internal\"  target=\"_blank\" rel=\"nofollow\"class=\"Defaults-facebook single-soc-icon-ee8f61fa1308353a7be69b8f660c7906 dt-icon-bg-on dt-icon-hover-bg-off  \" ><i class=\"soc-icon Defaults-facebook\"><\/i><span class=\"screen-reader-text\">Be Aware - Facebook<\/span><\/a><style type=\"text\/css\" data-type=\"the7_shortcodes-inline-css\">.dt-shortcode-soc-icons a.single-soc-icon-df31cecacbc372e273f14c0340dfaa3a {\n  min-width: 70px;\n  min-height: 70px;\n  font-size: 36px;\n  border-radius: 100px;\n}\n.dt-shortcode-soc-icons a.single-soc-icon-df31cecacbc372e273f14c0340dfaa3a:last-child {\n  margin-right: 0;\n}\n.dt-shortcode-soc-icons a.single-soc-icon-df31cecacbc372e273f14c0340dfaa3a:before,\n.dt-shortcode-soc-icons a.single-soc-icon-df31cecacbc372e273f14c0340dfaa3a:after {\n  min-width: 70px;\n  min-height: 70px;\n  padding: inherit;\n}\n.dt-shortcode-soc-icons a.single-soc-icon-df31cecacbc372e273f14c0340dfaa3a.dt-icon-border-on:before {\n  border: 0px solid ;\n}\n.dt-shortcode-soc-icons a.single-soc-icon-df31cecacbc372e273f14c0340dfaa3a.dt-icon-hover-border-on:after {\n  border: 0px solid ;\n}\n.dt-shortcode-soc-icons a.single-soc-icon-df31cecacbc372e273f14c0340dfaa3a:hover {\n  font-size: 36px;\n}\n#page .dt-shortcode-soc-icons a.single-soc-icon-df31cecacbc372e273f14c0340dfaa3a:not(:hover) .soc-font-icon,\n#phantom .dt-shortcode-soc-icons a.single-soc-icon-df31cecacbc372e273f14c0340dfaa3a:not(:hover) .soc-font-icon,\n#page .dt-shortcode-soc-icons a.single-soc-icon-df31cecacbc372e273f14c0340dfaa3a:not(:hover) .soc-icon,\n#phantom .dt-shortcode-soc-icons a.single-soc-icon-df31cecacbc372e273f14c0340dfaa3a:not(:hover) .soc-icon {\n  color: #ffffff;\n  background: none;\n}\n.dt-shortcode-soc-icons a.single-soc-icon-df31cecacbc372e273f14c0340dfaa3a .soc-font-icon,\n.dt-shortcode-soc-icons a.single-soc-icon-df31cecacbc372e273f14c0340dfaa3a .soc-icon {\n  font-size: 36px;\n}\n<\/style><a title=\"Be Aware - LinkedIn\" href=\"https:\/\/www.linkedin.com\/company\/be-aware-projekt\/\"  target=\"_blank\" rel=\"nofollow\"class=\"linkedin single-soc-icon-df31cecacbc372e273f14c0340dfaa3a dt-icon-bg-on dt-icon-hover-bg-off  \" ><i class=\"soc-icon soc-font-icon dt-icon-linkedin\"><\/i><span class=\"screen-reader-text\">Be Aware - LinkedIn<\/span><\/a><\/div>[\/vc_column][\/vc_row][vc_row][vc_column]<div id=\"ultimate-heading-350569e7342bc4be9\" class=\"uvc-heading ult-adjust-bottom-margin ultimate-heading-350569e7342bc4be9 uvc-3928 \" data-hspacer=\"line_only\"  data-halign=\"center\" style=\"text-align:center\"><div class=\"uvc-main-heading ult-responsive\"  data-ultimate-target='.uvc-heading.ultimate-heading-350569e7342bc4be9 h1'  data-responsive-json-new='{\"font-size\":\"tablet:44px;tablet_portrait:36px;mobile_landscape:34px;mobile:32px;\",\"line-height\":\"\"}' ><h1 style=\"font-weight:bold;\">Newsletter<\/h1><\/div><div class=\"uvc-heading-spacer line_only\" style=\"margin-top:25px;margin-bottom:50px;height:2px;\"><span class=\"uvc-headings-line\" style=\"border-style:solid;border-bottom-width:2px;border-color:#d92128;width:150px;\"><\/span><\/div><\/div>[vc_row_inner equal_height=\u00bbyes\u00bb gap=\u00bb35&#8243;][vc_column_inner width=\u00bb1\/4&#8243; css=\u00bb.vc_custom_1593033736347{border-top-width: 5px !important;border-right-width: 5px !important;border-bottom-width: 5px !important;border-left-width: 5px !important;border-left-color: #d92128 !important;border-left-style: solid !important;border-right-color: #d92128 !important;border-right-style: solid !important;border-top-color: #d92128 !important;border-top-style: solid !important;border-bottom-color: #d92128 !important;border-bottom-style: solid !important;border-radius: 10px !important;}\u00bb][vc_column_text]<\/p>\n<p style=\"text-align: center;\"><strong>#1 Enero 2020<\/strong><\/p>\n<ul>\n<li><a href=\"https:\/\/www.beaware.eu.com\/wp-content\/uploads\/2020\/01\/BeAware-newsletter-1-de.html\" target=\"_blank\" rel=\"noopener noreferrer\">Deutsch<\/a><\/li>\n<li><a href=\"https:\/\/www.beaware.eu.com\/wp-content\/uploads\/2020\/01\/BeAware-newsletter-1-en.html\" target=\"_blank\" rel=\"noopener noreferrer\">English<\/a><\/li>\n<li><a href=\"https:\/\/www.beaware.eu.com\/wp-content\/uploads\/2020\/01\/BeAware-newsletter-1-bg.html\" target=\"_blank\" rel=\"noopener noreferrer\">\u0431\u044a\u043b\u0433\u0430\u0440\u0441\u043a\u0438<\/a><\/li>\n<li><a href=\"https:\/\/www.beaware.eu.com\/wp-content\/uploads\/2020\/01\/BeAware-newsletter-1-lt.html\" target=\"_blank\" rel=\"noopener noreferrer\">Lietuvi\u0173<\/a><\/li>\n<li><a href=\"https:\/\/www.beaware.eu.com\/wp-content\/uploads\/2020\/01\/BeAware-newsletter-1-es.html\" target=\"_blank\" rel=\"noopener noreferrer\">Espa\u00f1ol<\/a><\/li>\n<li><a href=\"https:\/\/www.beaware.eu.com\/wp-content\/uploads\/2020\/01\/BeAware-newsletter-1-tr.html\" target=\"_blank\" rel=\"noopener noreferrer\">Turkish<\/a><\/li>\n<\/ul>\n<p>[\/vc_column_text][\/vc_column_inner][vc_column_inner width=\u00bb1\/4&#8243; css=\u00bb.vc_custom_1580897547343{border-top-width: 5px !important;border-right-width: 5px !important;border-bottom-width: 5px !important;border-left-width: 5px !important;border-left-color: #d92128 !important;border-left-style: solid !important;border-right-color: #d92128 !important;border-right-style: solid !important;border-top-color: #d92128 !important;border-top-style: solid !important;border-bottom-color: #d92128 !important;border-bottom-style: solid !important;border-radius: 10px !important;}\u00bb][vc_column_text]<\/p>\n<p style=\"text-align: center;\"><strong>#2 Junio 2020<\/strong><\/p>\n<ul>\n<li><a href=\"https:\/\/www.beaware.eu.com\/wp-content\/uploads\/2020\/06\/BeAware-newsletter-2-DE.html\" target=\"_blank\" rel=\"noopener noreferrer\">Deutsch<\/a><\/li>\n<li><a href=\"https:\/\/www.beaware.eu.com\/wp-content\/uploads\/2020\/06\/BeAware-newsletter-2-EN.html\" target=\"_blank\" rel=\"noopener noreferrer\">English<\/a><\/li>\n<li><a href=\"https:\/\/www.beaware.eu.com\/wp-content\/uploads\/2020\/06\/BeAware-newsletter-2-BG.html\" target=\"_blank\" rel=\"noopener noreferrer\">\u0431\u044a\u043b\u0433\u0430\u0440\u0441\u043a\u0438<\/a><\/li>\n<li><a href=\"https:\/\/www.beaware.eu.com\/wp-content\/uploads\/2020\/06\/BeAware-newsletter-2-LT.html\" target=\"_blank\" rel=\"noopener noreferrer\">Lietuvi\u0173<\/a><\/li>\n<li><a href=\"https:\/\/www.beaware.eu.com\/wp-content\/uploads\/2020\/06\/BeAware-newsletter-2-ES.html\" target=\"_blank\" rel=\"noopener noreferrer\">Espa\u00f1ol<\/a><\/li>\n<li><a href=\"https:\/\/www.beaware.eu.com\/wp-content\/uploads\/2020\/06\/BeAware-newsletter-2-TR.html\" target=\"_blank\" rel=\"noopener noreferrer\">Turkish<\/a><\/li>\n<\/ul>\n<p>[\/vc_column_text][\/vc_column_inner][vc_column_inner width=\u00bb1\/4&#8243; css=\u00bb.vc_custom_1612365103242{border-top-width: 5px !important;border-right-width: 5px !important;border-bottom-width: 5px !important;border-left-width: 5px !important;border-left-color: #d92128 !important;border-left-style: solid !important;border-right-color: #d92128 !important;border-right-style: solid !important;border-top-color: #d92128 !important;border-top-style: solid !important;border-bottom-color: #d92128 !important;border-bottom-style: solid !important;border-radius: 10px !important;}\u00bb][vc_column_text]<\/p>\n<p style=\"text-align: center;\"><strong>#3 Enero 2021<\/strong><\/p>\n<ul>\n<li><a href=\"https:\/\/www.beaware.eu.com\/wp-content\/uploads\/2021\/02\/BeAware-newsletter-3-DE.html\" target=\"_blank\" rel=\"noopener noreferrer\">Deutsch<\/a><\/li>\n<li><a href=\"https:\/\/www.beaware.eu.com\/wp-content\/uploads\/2021\/02\/BeAware-newsletter-3-EN.html\" target=\"_blank\" rel=\"noopener noreferrer\">English<\/a><\/li>\n<li><a href=\"https:\/\/www.beaware.eu.com\/wp-content\/uploads\/2021\/02\/BeAware-newsletter-3-BG.html\" target=\"_blank\" rel=\"noopener noreferrer\">\u0431\u044a\u043b\u0433\u0430\u0440\u0441\u043a\u0438<\/a><\/li>\n<li><a href=\"https:\/\/www.beaware.eu.com\/wp-content\/uploads\/2021\/02\/BeAware-newsletter-3-LT.html\" target=\"_blank\" rel=\"noopener noreferrer\">Lietuvi\u0173<\/a><\/li>\n<li><a href=\"https:\/\/www.beaware.eu.com\/wp-content\/uploads\/2021\/02\/BeAware-newsletter-3-ES.html\" target=\"_blank\" rel=\"noopener noreferrer\">Espa\u00f1ol<\/a><\/li>\n<li><a href=\"https:\/\/www.beaware.eu.com\/wp-content\/uploads\/2021\/02\/BeAware-newsletter-3-TR.html\" target=\"_blank\" rel=\"noopener noreferrer\">Turkish<\/a><\/li>\n<\/ul>\n<p>[\/vc_column_text][\/vc_column_inner][vc_column_inner width=\u00bb1\/4&#8243; css=\u00bb.vc_custom_1623922266229{border-top-width: 5px !important;border-right-width: 5px !important;border-bottom-width: 5px !important;border-left-width: 5px !important;border-left-color: #d92128 !important;border-left-style: solid !important;border-right-color: #d92128 !important;border-right-style: solid !important;border-top-color: #d92128 !important;border-top-style: solid !important;border-bottom-color: #d92128 !important;border-bottom-style: solid !important;border-radius: 10px !important;}\u00bb][vc_column_text]<\/p>\n<p style=\"text-align: center;\"><strong>#4 Junio 2021<\/strong><\/p>\n<ul>\n<li><a href=\"https:\/\/www.beaware.eu.com\/wp-content\/uploads\/2021\/06\/BeAware-newsletter-4-DE.html\" target=\"_blank\" rel=\"noopener noreferrer\">Deutsch<\/a><\/li>\n<li><a href=\"https:\/\/www.beaware.eu.com\/wp-content\/uploads\/2021\/06\/BeAware-newsletter-4-EN.html\" target=\"_blank\" rel=\"noopener noreferrer\">English<\/a><\/li>\n<li><a href=\"https:\/\/www.beaware.eu.com\/wp-content\/uploads\/2021\/07\/BeAware-newsletter-4-BG.html\" target=\"_blank\" rel=\"noopener noreferrer\">\u0431\u044a\u043b\u0433\u0430\u0440\u0441\u043a\u0438<\/a><\/li>\n<li><a href=\"https:\/\/www.beaware.eu.com\/wp-content\/uploads\/2021\/07\/BeAware-newsletter-4-LT.html\" target=\"_blank\" rel=\"noopener noreferrer\">Lietuvi\u0173<\/a><\/li>\n<li><a href=\"https:\/\/www.beaware.eu.com\/?mailpoet_router&amp;endpoint=view_in_browser&amp;action=view&amp;data=WzIyLCI1MWM4YmQxN2QwYWQiLDAsMCwwLDFd\" target=\"_blank\" rel=\"noopener noreferrer\">Espa\u00f1ol<\/a><\/li>\n<li><a href=\"https:\/\/www.beaware.eu.com\/wp-content\/uploads\/2021\/06\/BeAware-newsletter-4-TR.html\" target=\"_blank\" rel=\"noopener noreferrer\">Turkish<\/a><\/li>\n<\/ul>\n<p>[\/vc_column_text][\/vc_column_inner][\/vc_row_inner][\/vc_column][\/vc_row]<\/p>","protected":false},"excerpt":{"rendered":"<p>[vc_row][vc_column][vc_row_inner gap=\u00bb35&#8243;][vc_column_inner width=\u00bb1\/3&#8243; css=\u00bb.vc_custom_1592166186622{margin-bottom: 50px !important;}\u00bb][vc_single_image image=\u00bb1858&#8243; img_size=\u00bb\u00bb onclick=\u00bbcustom_link\u00bb img_link_target=\u00bb_blank\u00bb link=\u00bbhttps:\/\/www.beaware.eu.com\/wp-content\/uploads\/2019\/10\/IO1_Research-paper_Summary_-ES.pdf\u00bb][vc_column_text] IO1 &#8211; RESUMEN DE LA INVESTIGACI\u00d3N SOBRE LAS NECESIDADES DE ADAPTACI\u00d3N NACIONAL\/CULTURAL PARA EL DESARROLLO Y LA IMPLEMENTACI\u00d3N DE LA FORMACI\u00d3N Y LA ACREDITACI\u00d3N Las diferentes definiciones del t\u00e9rmino acoso sexual en todos los pa\u00edses miembros del proyecto \u201cBe Aware!\u201d tienen el mismo significado:&hellip;<\/p>\n","protected":false},"author":1,"featured_media":0,"parent":0,"menu_order":0,"comment_status":"closed","ping_status":"closed","template":"","meta":[],"_links":{"self":[{"href":"https:\/\/www.beaware.eu.com\/es\/wp-json\/wp\/v2\/pages\/1774"}],"collection":[{"href":"https:\/\/www.beaware.eu.com\/es\/wp-json\/wp\/v2\/pages"}],"about":[{"href":"https:\/\/www.beaware.eu.com\/es\/wp-json\/wp\/v2\/types\/page"}],"author":[{"embeddable":true,"href":"https:\/\/www.beaware.eu.com\/es\/wp-json\/wp\/v2\/users\/1"}],"replies":[{"embeddable":true,"href":"https:\/\/www.beaware.eu.com\/es\/wp-json\/wp\/v2\/comments?post=1774"}],"version-history":[{"count":42,"href":"https:\/\/www.beaware.eu.com\/es\/wp-json\/wp\/v2\/pages\/1774\/revisions"}],"predecessor-version":[{"id":2204,"href":"https:\/\/www.beaware.eu.com\/es\/wp-json\/wp\/v2\/pages\/1774\/revisions\/2204"}],"wp:attachment":[{"href":"https:\/\/www.beaware.eu.com\/es\/wp-json\/wp\/v2\/media?parent=1774"}],"curies":[{"name":"wp","href":"https:\/\/api.w.org\/{rel}","templated":true}]}}