{"id":1558,"date":"2019-07-26T10:32:10","date_gmt":"2019-07-26T10:32:10","guid":{"rendered":"https:\/\/www.beaware.eu.com\/?page_id=1558"},"modified":"2024-11-13T10:03:28","modified_gmt":"2024-11-13T10:03:28","slug":"impressum","status":"publish","type":"page","link":"https:\/\/www.beaware.eu.com\/lt\/impressum\/","title":{"rendered":"Atspaudas"},"content":{"rendered":"<p>[vc_row css=&#8221;.vc_custom_1564136963572{padding-top: 100px !important;padding-bottom: 100px !important;}&#8221;][vc_column][vc_column_text]<\/p>\n<h4><strong>Frauen im Brennpunkt<\/strong><\/h4>\n<p>Innrain 25<br \/>\n6020 Innsbruck | Austria<\/p>\n<p><span style=\"font-weight: 400;\">Telefonas: 0043 512 587608<br \/>\n<\/span><span style=\"font-weight: 400;\">El. Pa\u0161tas: coordination.eu@fib.at<\/span><a style=\"text-align: justify;\" href=\"https:\/\/ec.europa.eu\/consumers\/odr\" target=\"_blank\" rel=\"noopener noreferrer\"><br \/>\n<\/a><\/p>\n<p><span style=\"font-weight: 400;\">ZVR: 370671536<\/span><a style=\"text-align: justify;\" href=\"https:\/\/ec.europa.eu\/consumers\/odr\" target=\"_blank\" rel=\"noopener noreferrer\"><br \/>\n<\/a><\/p>\n<p><span style=\"font-weight: 400;\">Projekto numeris: 2018-1-AT01-KA202-039286<\/span><\/p>\n<p>&nbsp;<\/p>\n<p><b>gin\u010d\u0173 sprendimo<\/b><\/p>\n<p><span style=\"font-weight: 400;\">Europos Komisija teikia internetinio gin\u010d\u0173 sprendimo (OS) platform\u0105: <\/span><a style=\"text-align: justify;\" href=\"https:\/\/ec.europa.eu\/consumers\/odr\" target=\"_blank\" rel=\"noopener noreferrer\">https:\/\/ec.europa.eu\/consumers\/odr<\/a><span style=\"text-align: justify;\">. <\/span><span style=\"font-weight: 400;\">M\u016bs\u0173 el. Pa\u0161to adres\u0105 galite rasti auk\u0161\u010diau esan\u010diame spaudoje.<\/span><\/p>\n<p><span style=\"font-weight: 400;\">Mes nenorime ar neprivalome dalyvauti gin\u010d\u0173 sprendimo proced\u016brose vartotoj\u0173 arbitra\u017eo taryboje.<\/span><\/p>\n<p><span style=\"text-align: justify;\">\u00a0<\/span><\/p>\n<p><b>Atsakomyb\u0117 u\u017e turin\u012f<\/b><\/p>\n<p><span style=\"font-weight: 400;\">Kaip paslaug\u0173 teik\u0117jas, mes esame atsakingi pagal 7 straipsnio Abs.1 TMG nuostatas u\u017e savo turin\u012f \u0161iuose pus\u0117se pagal bendruosius \u012fstatymus. Ta\u010diau pagal TMG 8\u201310 straipsnius mes, kaip paslaug\u0173 teik\u0117jai, neprivalome steb\u0117ti perduodamos ar saugomos tre\u010di\u0173j\u0173 \u0161ali\u0173 informacijos ar tirti aplinkybi\u0173, rodan\u010di\u0173 neteis\u0117t\u0105 veikl\u0105.<\/span><\/p>\n<p><span style=\"font-weight: 400;\">\u012epareigojimai pa\u0161alinti arba blokuoti informacijos naudojim\u0105 pagal bendruosius \u012fstatymus nekei\u010diami. Ta\u010diau atsakomyb\u0117 \u0161iuo at\u017evilgiu yra \u012fmanoma tik nuo to laiko, kai su\u017einosite apie konkret\u0173 pa\u017eeidim\u0105. Gav\u0119 prane\u0161im\u0105 apie atitinkamus pa\u017eeidimus, \u0161\u012f turin\u012f nedelsdami pa\u0161alinsime.<\/span><\/p>\n<p>&nbsp;<\/p>\n<p><b><\/b><b>Atsakomyb\u0117 u\u017e internetines nuorodas<\/b><\/p>\n<p><span style=\"font-weight: 400;\">M\u016bs\u0173 pasi\u016blyme yra nuorodos \u012f tre\u010di\u0173j\u0173 \u0161ali\u0173 i\u0161orines svetaines, kuri\u0173 turiniui mes neturime jokios \u012ftakos. Tod\u0117l mes negalime prisiimti jokios atsakomyb\u0117s u\u017e \u0161\u012f i\u0161orin\u012f turin\u012f. U\u017e susiet\u0173 puslapi\u0173 turin\u012f visada atsako atitinkamas puslapi\u0173 teik\u0117jas ar operatorius. Susiejant puslapius buvo patikrinta, ar n\u0117ra galim\u0173 teisini\u0173 pa\u017eeidim\u0173. Nelegalus turinys nebuvo atpa\u017e\u012fstamas susiejant.<\/span><\/p>\n<p><span style=\"font-weight: 400;\">Ta\u010diau nuolatin\u0117 susiet\u0173 puslapi\u0173 turinio kontrol\u0117 n\u0117ra pagr\u012fsta neturint konkre\u010di\u0173 teis\u0117s pa\u017eeidimo \u012frodym\u0173. Gav\u0119 prane\u0161im\u0105 apie pa\u017eeidimus, tokias nuorodas i\u0161kart pa\u0161alinsime.<\/span><\/p>\n<p><span style=\"text-align: justify;\">\u00a0<\/span><\/p>\n<p><b>Autorin\u0117s teis\u0117s<\/b><\/p>\n<p><span style=\"font-weight: 400;\">\u0160i\u0173 puslapi\u0173 turiniui ir k\u016briniams, kuriuos suk\u016br\u0117 svetaini\u0173 operatoriai, galioja Vokietijos autori\u0173 teisi\u0173 \u012fstatymai. Kopijavimui, apdorojimui, platinimui ir bet kokiam naudojimui, netaikant autori\u0173 teisi\u0173, reikalingas atitinkamo autoriaus ar k\u016br\u0117jo ra\u0161ytinis sutikimas.<\/span><\/p>\n<p><span style=\"font-weight: 400;\">\u0160ios svetain\u0117s atsisiuntimai ir kopijos yra skirti tik asmeniniam, nekomerciniam naudojimui. Kadangi \u0161ios pus\u0117s turin\u012f nek\u016br\u0117 operatorius, atsi\u017evelgiama \u012f tre\u010di\u0173j\u0173 \u0161ali\u0173 autori\u0173 teises. Vis\u0173 pirma, tre\u010di\u0173j\u0173 \u0161ali\u0173 turinys yra identifikuojamas kaip toks. Jei vis tiek \u017einotum\u0117te apie autori\u0173 teisi\u0173 pa\u017eeidim\u0105, pra\u0161ome pateikti pastab\u0105. Gav\u0119 prane\u0161im\u0105 apie pa\u017eeidimus, tok\u012f turin\u012f nedelsdami pa\u0161alinsime.<\/span>[\/vc_column_text][\/vc_column][\/vc_row]<\/p>","protected":false},"excerpt":{"rendered":"<p>[vc_row css=&#8221;.vc_custom_1564136963572{padding-top: 100px !important;padding-bottom: 100px !important;}&#8221;][vc_column][vc_column_text] Frauen im Brennpunkt Innrain 25 6020 Innsbruck | Austria Telefonas: 0043 512 587608 El. Pa\u0161tas: coordination.eu@fib.at ZVR: 370671536 Projekto numeris: 2018-1-AT01-KA202-039286 &nbsp; gin\u010d\u0173 sprendimo Europos Komisija teikia internetinio gin\u010d\u0173 sprendimo (OS) platform\u0105: https:\/\/ec.europa.eu\/consumers\/odr. M\u016bs\u0173 el. Pa\u0161to adres\u0105 galite rasti auk\u0161\u010diau esan\u010diame spaudoje. Mes nenorime ar neprivalome dalyvauti gin\u010d\u0173 sprendimo&hellip;<\/p>\n","protected":false},"author":1,"featured_media":0,"parent":0,"menu_order":0,"comment_status":"closed","ping_status":"closed","template":"","meta":[],"_links":{"self":[{"href":"https:\/\/www.beaware.eu.com\/lt\/wp-json\/wp\/v2\/pages\/1558"}],"collection":[{"href":"https:\/\/www.beaware.eu.com\/lt\/wp-json\/wp\/v2\/pages"}],"about":[{"href":"https:\/\/www.beaware.eu.com\/lt\/wp-json\/wp\/v2\/types\/page"}],"author":[{"embeddable":true,"href":"https:\/\/www.beaware.eu.com\/lt\/wp-json\/wp\/v2\/users\/1"}],"replies":[{"embeddable":true,"href":"https:\/\/www.beaware.eu.com\/lt\/wp-json\/wp\/v2\/comments?post=1558"}],"version-history":[{"count":6,"href":"https:\/\/www.beaware.eu.com\/lt\/wp-json\/wp\/v2\/pages\/1558\/revisions"}],"predecessor-version":[{"id":2213,"href":"https:\/\/www.beaware.eu.com\/lt\/wp-json\/wp\/v2\/pages\/1558\/revisions\/2213"}],"wp:attachment":[{"href":"https:\/\/www.beaware.eu.com\/lt\/wp-json\/wp\/v2\/media?parent=1558"}],"curies":[{"name":"wp","href":"https:\/\/api.w.org\/{rel}","templated":true}]}}