{"id":1774,"date":"2020-02-05T09:07:39","date_gmt":"2020-02-05T09:07:39","guid":{"rendered":"https:\/\/www.beaware.eu.com\/?page_id=1774"},"modified":"2021-10-29T09:22:02","modified_gmt":"2021-10-29T09:22:02","slug":"news","status":"publish","type":"page","link":"https:\/\/www.beaware.eu.com\/lt\/news\/","title":{"rendered":"Naujienos"},"content":{"rendered":"<p>[vc_row][vc_column]<div id=\"ultimate-heading-831069e16e12d8968\" class=\"uvc-heading ult-adjust-bottom-margin ultimate-heading-831069e16e12d8968 uvc-1464 \" data-hspacer=\"line_only\"  data-halign=\"center\" style=\"text-align:center\"><div class=\"uvc-main-heading ult-responsive\"  data-ultimate-target='.uvc-heading.ultimate-heading-831069e16e12d8968 h1'  data-responsive-json-new='{\"font-size\":\"tablet:44px;tablet_portrait:36px;mobile_landscape:34px;mobile:32px;\",\"line-height\":\"\"}' ><h1 style=\"font-weight:bold;\">Skaitykite m\u016bs\u0173 straipsnius<\/h1><\/div><div class=\"uvc-heading-spacer line_only\" style=\"margin-top:25px;margin-bottom:50px;height:2px;\"><span class=\"uvc-headings-line\" style=\"border-style:solid;border-bottom-width:2px;border-color:#d92128;width:150px;\"><\/span><\/div><\/div>[vc_row_inner gap=&#8221;35&#8243;][vc_column_inner width=&#8221;1\/3&#8243; css=&#8221;.vc_custom_1592166051966{margin-bottom: 50px !important;}&#8221;][vc_single_image image=&#8221;1863&#8243; img_size=&#8221;&#8221; onclick=&#8221;custom_link&#8221; img_link_target=&#8221;_blank&#8221; link=&#8221;https:\/\/www.beaware.eu.com\/wp-content\/uploads\/2019\/10\/BeAware_IO1_Summary_LTU.pdf&#8221;][vc_column_text]<\/p>\n<p style=\"text-align: left;\"><strong>IO1 \u2013 SANTRAUKA TYRIMAS APIE NACIONALINIUS\/KULT\u016aRINIUS POREIKIUS MOKYM\u0172 PROGRAMAI, JOS AKREDITAVIMUI IR \u012eGYVENDINIMUI.<\/strong><\/p>\n<p style=\"text-align: left;\">Projektas \u201eBe Aware\u201c si\u016blo sisteming\u0105 po\u017ei\u016br\u012f, suteikiant \u012fvairias priemones ir metodus, skirtus pagerinti \u017emogi\u0161k\u0173j\u0173 i\u0161tekli\u0173 vadybinink\u0173, profesijos mokytoj\u0173, suaugusi\u0173j\u0173 \u0161viet\u0117j\u0173, mentori\u0173, darbuotoj\u0173 atstov\u0173 profesin\u012f tobul\u0117jim\u0105&#8230;<\/p>\n<p>[\/vc_column_text]<style type=\"text\/css\" data-type=\"the7_shortcodes-inline-css\">#default-btn-3bc67d8419f72e849f81ab5265ac3e36.ico-right-side > i {\n  margin-right: 0px;\n  margin-left: 8px;\n}\n#default-btn-3bc67d8419f72e849f81ab5265ac3e36 > i {\n  margin-right: 8px;\n}\n#default-btn-3bc67d8419f72e849f81ab5265ac3e36 * {\n  vertical-align: middle;\n}\n<\/style><a href=\"https:\/\/www.beaware.eu.com\/wp-content\/uploads\/2019\/10\/BeAware_IO1_Summary_LTU.pdf\" class=\"default-btn-shortcode dt-btn dt-btn-s link-hover-off btn-inline-left \" target=\"_blank\" id=\"default-btn-3bc67d8419f72e849f81ab5265ac3e36\" rel=\"noopener\"><span>Skaityti daugiau&#8230;<\/span><\/a>[\/vc_column_inner][vc_column_inner width=&#8221;1\/3&#8243; css=&#8221;.vc_custom_1592166060894{margin-bottom: 50px !important;}&#8221;][vc_single_image image=&#8221;1852&#8243; img_size=&#8221;&#8221; onclick=&#8221;custom_link&#8221; img_link_target=&#8221;_blank&#8221; link=&#8221;https:\/\/www.beaware.eu.com\/wp-content\/uploads\/2020\/03\/IO2_Be-Aware-Standards-for-VET_Trainings_EN.pdf&#8221;][vc_column_text]<\/p>\n<p style=\"text-align: left;\"><strong>IO2 &#8211; STANDARDS FOR VET-TRAINING<br \/>\nErasmus+: KA2 &#8211; Cooperation for Innovation and the Exchange of Good Practices &#8211; Strategic Partnerships for adult education<\/strong><\/p>\n<p style=\"text-align: left;\">Be Aware \u2013 Strengthening Competences to Face Sexual Harassment at the workplace is a three-year project, funded by the European Commission, Erasmus+ Strategic Partnerships for Vocational Education and Training (VET). It aims to reducing sexual harassment at the workplace&#8230;<\/p>\n<p>[\/vc_column_text]<style type=\"text\/css\" data-type=\"the7_shortcodes-inline-css\">#default-btn-718e81e2d51da52a267ae5ea951e7c25.ico-right-side > i {\n  margin-right: 0px;\n  margin-left: 8px;\n}\n#default-btn-718e81e2d51da52a267ae5ea951e7c25 > i {\n  margin-right: 8px;\n}\n#default-btn-718e81e2d51da52a267ae5ea951e7c25 * {\n  vertical-align: middle;\n}\n<\/style><a href=\"https:\/\/www.beaware.eu.com\/wp-content\/uploads\/2020\/03\/IO2_Be-Aware-Standards-for-VET_Trainings_EN.pdf\" class=\"default-btn-shortcode dt-btn dt-btn-s link-hover-off btn-inline-left \" target=\"_blank\" id=\"default-btn-718e81e2d51da52a267ae5ea951e7c25\" rel=\"noopener\"><span>Skaityti daugiau&#8230;<\/span><\/a>[\/vc_column_inner][vc_column_inner width=&#8221;1\/3&#8243; css=&#8221;.vc_custom_1592166067310{margin-bottom: 50px !important;}&#8221;][vc_single_image image=&#8221;2130&#8243; img_size=&#8221;&#8221; onclick=&#8221;custom_link&#8221; img_link_target=&#8221;_blank&#8221; link=&#8221;https:\/\/www.beaware.eu.com\/wp-content\/uploads\/2021\/05\/IO3_Sistemines-prevencijos-priemoniu-ir-paramos-pletra-organizacijose.pdf&#8221;][vc_column_text]<\/p>\n<p style=\"text-align: left;\"><strong>IO3 &#8211; NUOTOLINIAI IR AUDITORINIAI MOKYMAI: SISTEMIN\u0116S PREVENCIJOS PRIEMONI\u0172 IR PARAMOS PL\u0116TRA ORGANIZACIJOSE<\/strong><\/p>\n<p style=\"text-align: left;\">\u0160is intelektinis produktas \u201cNuotoliniai ir auditoriniai mokymai\u201d apima tris pagrindines dalis. Po paties projekto pristatymo pateikta trumpa pagrindini\u0173 s\u0105vok\u0173, kurias besinaudojantis \u0161ia med\u017eiaga asmuo turi \u017einoti i\u0161 anksto, santrauka&#8230;<\/p>\n<p>[\/vc_column_text]<style type=\"text\/css\" data-type=\"the7_shortcodes-inline-css\">#default-btn-d2d310c3ab749e364b95792abc54a18e.ico-right-side > i {\n  margin-right: 0px;\n  margin-left: 8px;\n}\n#default-btn-d2d310c3ab749e364b95792abc54a18e > i {\n  margin-right: 8px;\n}\n#default-btn-d2d310c3ab749e364b95792abc54a18e * {\n  vertical-align: middle;\n}\n<\/style><a href=\"https:\/\/www.beaware.eu.com\/wp-content\/uploads\/2021\/05\/IO3_Sistemines-prevencijos-priemoniu-ir-paramos-pletra-organizacijose.pdf\" class=\"default-btn-shortcode dt-btn dt-btn-s link-hover-off btn-inline-left \" target=\"_blank\" id=\"default-btn-d2d310c3ab749e364b95792abc54a18e\" rel=\"noopener\"><span>Skaityti daugiau&#8230;<\/span><\/a>[\/vc_column_inner][\/vc_row_inner][vc_row_inner gap=&#8221;35&#8243;][vc_column_inner width=&#8221;1\/3&#8243; css=&#8221;.vc_custom_1592166067310{margin-bottom: 50px !important;}&#8221;][vc_single_image image=&#8221;2129&#8243; img_size=&#8221;&#8221; onclick=&#8221;custom_link&#8221; img_link_target=&#8221;_blank&#8221; link=&#8221;https:\/\/www.beaware.eu.com\/wp-content\/uploads\/2021\/05\/IO4_Informuotumo-organizacijose-pletra.pdf&#8221;][vc_column_text]<\/p>\n<p style=\"text-align: left;\"><strong>IO4 &#8211; NUOTOLINIAI IR AUDITORINIAI MOKYMAI \u2013 INFORMUOTUMO ORGANIZACIJOSE PL\u0116TRA<\/strong><\/p>\n<p style=\"text-align: left;\">Seksualinis priekabiavimas darbo vietoje yra diskriminacijos forma, apimanti bet kok\u012f nepageidautin\u0105 elges\u012f, komentarus, susijusius su lytimi ar seksualine orientacija. Teigiama, kad \u0161e\u0161ios i\u0161 de\u0161imties moter\u0173 Europoje per savo karjer\u0105 patyr\u0117 seksistin\u012f elges\u012f ar nukent\u0117jo nuo seksualinio smurto&#8230;<\/p>\n<p>[\/vc_column_text]<style type=\"text\/css\" data-type=\"the7_shortcodes-inline-css\">#default-btn-63a9081a8cbc14cf7cacb526e3edf0d7.ico-right-side > i {\n  margin-right: 0px;\n  margin-left: 8px;\n}\n#default-btn-63a9081a8cbc14cf7cacb526e3edf0d7 > i {\n  margin-right: 8px;\n}\n#default-btn-63a9081a8cbc14cf7cacb526e3edf0d7 * {\n  vertical-align: middle;\n}\n<\/style><a href=\"https:\/\/www.beaware.eu.com\/wp-content\/uploads\/2021\/05\/IO4_Informuotumo-organizacijose-pletra.pdf\" class=\"default-btn-shortcode dt-btn dt-btn-s link-hover-off btn-inline-left \" target=\"_blank\" id=\"default-btn-63a9081a8cbc14cf7cacb526e3edf0d7\" rel=\"noopener\"><span>Skaityti daugiau&#8230;<\/span><\/a>[\/vc_column_inner][vc_column_inner width=&#8221;1\/3&#8243; css=&#8221;.vc_custom_1592166051966{margin-bottom: 50px !important;}&#8221;][vc_single_image image=&#8221;2182&#8243; img_size=&#8221;&#8221; onclick=&#8221;custom_link&#8221; img_link_target=&#8221;_blank&#8221; link=&#8221;https:\/\/www.beaware.eu.com\/wp-content\/uploads\/2021\/10\/IO5_LT_Be-Aware_Transfer-Handbook-for-Be-Aware-Methodology-and-National-Implementation.pdf&#8221;][vc_column_text]<\/p>\n<p style=\"text-align: left;\"><strong>IO5 &#8211; BE AWARE METODOLOGIJOS IR NACIONALINIO \u012eGYVENDINIMO PATIRTIES PERDAVIMO VADOVAS<\/strong><\/p>\n<p style=\"text-align: left;\">Seksualinis priekabiavimas yra \u012fvardijamas kaip bet koks nepageidaujamas ir \u012f\u017eeid\u017eiantis seksualinis \u017eodinis, ra\u0161ytinis ar fizinis elgesys, kurio poveikis ar tikslas yra pa\u017eeisti asmens orum\u0105, ypa\u010d kuriant bauginan\u010di\u0105, prie\u0161i\u0161k\u0105, \u017eeminan\u010di\u0105 ar \u012f\u017eeid\u017eian\u010di\u0105 aplink\u0105&#8230;<\/p>\n<p>[\/vc_column_text]<style type=\"text\/css\" data-type=\"the7_shortcodes-inline-css\">#default-btn-f8ca46633c3c979c1b33b22253532913.ico-right-side > i {\n  margin-right: 0px;\n  margin-left: 8px;\n}\n#default-btn-f8ca46633c3c979c1b33b22253532913 > i {\n  margin-right: 8px;\n}\n#default-btn-f8ca46633c3c979c1b33b22253532913 * {\n  vertical-align: middle;\n}\n<\/style><a href=\"https:\/\/www.beaware.eu.com\/wp-content\/uploads\/2021\/10\/IO5_LT_Be-Aware_Transfer-Handbook-for-Be-Aware-Methodology-and-National-Implementation.pdf\" class=\"default-btn-shortcode dt-btn dt-btn-s link-hover-off btn-inline-left \" target=\"_blank\" id=\"default-btn-f8ca46633c3c979c1b33b22253532913\" rel=\"noopener\"><span>Skaityti daugiau&#8230;<\/span><\/a>[\/vc_column_inner][vc_column_inner width=&#8221;1\/3&#8243; css=&#8221;.vc_custom_1592166060894{margin-bottom: 50px !important;}&#8221;][\/vc_column_inner][\/vc_row_inner][\/vc_column][\/vc_row][vc_row full_width=&#8221;stretch_row&#8221; content_placement=&#8221;middle&#8221; bg_type=&#8221;bg_color&#8221; bg_color_value=&#8221;#f2f2f2&#8243; css=&#8221;.vc_custom_1593180850518{margin-top: 80px !important;margin-bottom: 100px !important;padding-top: 35px !important;padding-bottom: 35px !important;}&#8221;][vc_column css=&#8221;.vc_custom_1593180158504{padding-top: 0px !important;padding-bottom: 0px !important;}&#8221;][vc_column_text css=&#8221;.vc_custom_1593183928433{margin-top: 10px !important;margin-bottom: 10px !important;}&#8221;]<\/p>\n<h3 style=\"text-align: center;\">Sekite informacij\u0105 m\u016bs\u0173 socialiniuose tinkluose<\/h3>\n<p>[\/vc_column_text]<style type=\"text\/css\" data-type=\"the7_shortcodes-inline-css\">.dt-shortcode-soc-icons.soc-icons-e28502fc247a69a198cdf69a4a000470 a {\n  margin-right: 35px;\n}\n.dt-shortcode-soc-icons a.soc-icons-e28502fc247a69a198cdf69a4a000470 {\n  margin-right: 35px;\n}\n.dt-shortcode-soc-icons a.soc-icons-e28502fc247a69a198cdf69a4a000470:last-child {\n  margin-right: 0;\n}\n.dt-shortcode-soc-icons a.soc-icons-e28502fc247a69a198cdf69a4a000470:before,\n.dt-shortcode-soc-icons a.soc-icons-e28502fc247a69a198cdf69a4a000470:after {\n  padding: inherit;\n}\n.dt-shortcode-soc-icons a.soc-icons-e28502fc247a69a198cdf69a4a000470.dt-icon-border-on:before {\n  border:  solid ;\n}\n.dt-shortcode-soc-icons a.soc-icons-e28502fc247a69a198cdf69a4a000470.dt-icon-hover-border-on:after {\n  border:  solid ;\n}\n<\/style><div class=\"dt-shortcode-soc-icons  soc-icons-e28502fc247a69a198cdf69a4a000470 soc-icons-center  vc_custom_1593180544491\" ><style type=\"text\/css\" data-type=\"the7_shortcodes-inline-css\">.dt-shortcode-soc-icons a.single-soc-icon-ee8f61fa1308353a7be69b8f660c7906 {\n  min-width: 70px;\n  min-height: 70px;\n  font-size: 36px;\n  border-radius: 100px;\n}\n.dt-shortcode-soc-icons a.single-soc-icon-ee8f61fa1308353a7be69b8f660c7906:last-child {\n  margin-right: 0;\n}\n.dt-shortcode-soc-icons a.single-soc-icon-ee8f61fa1308353a7be69b8f660c7906:before,\n.dt-shortcode-soc-icons a.single-soc-icon-ee8f61fa1308353a7be69b8f660c7906:after {\n  min-width: 70px;\n  min-height: 70px;\n  padding: inherit;\n}\n.dt-shortcode-soc-icons a.single-soc-icon-ee8f61fa1308353a7be69b8f660c7906.dt-icon-border-on:before {\n  border: 0px solid ;\n}\n.dt-shortcode-soc-icons a.single-soc-icon-ee8f61fa1308353a7be69b8f660c7906.dt-icon-hover-border-on:after {\n  border: 0px solid ;\n}\n.dt-shortcode-soc-icons a.single-soc-icon-ee8f61fa1308353a7be69b8f660c7906:hover {\n  font-size: 36px;\n}\n#page .dt-shortcode-soc-icons a.single-soc-icon-ee8f61fa1308353a7be69b8f660c7906:not(:hover) .soc-font-icon,\n#phantom .dt-shortcode-soc-icons a.single-soc-icon-ee8f61fa1308353a7be69b8f660c7906:not(:hover) .soc-font-icon,\n#page .dt-shortcode-soc-icons a.single-soc-icon-ee8f61fa1308353a7be69b8f660c7906:not(:hover) .soc-icon,\n#phantom .dt-shortcode-soc-icons a.single-soc-icon-ee8f61fa1308353a7be69b8f660c7906:not(:hover) .soc-icon {\n  color: #ffffff;\n  background: none;\n}\n.dt-shortcode-soc-icons a.single-soc-icon-ee8f61fa1308353a7be69b8f660c7906 .soc-font-icon,\n.dt-shortcode-soc-icons a.single-soc-icon-ee8f61fa1308353a7be69b8f660c7906 .soc-icon {\n  font-size: 36px;\n}\n<\/style><a title=\"Be Aware - Facebook\" href=\"https:\/\/www.facebook.com\/pg\/Be-Aware-815219465522322\/about\/?ref=page_internal\"  target=\"_blank\" rel=\"nofollow\"class=\"Defaults-facebook single-soc-icon-ee8f61fa1308353a7be69b8f660c7906 dt-icon-bg-on dt-icon-hover-bg-off  \" ><i class=\"soc-icon Defaults-facebook\"><\/i><span class=\"screen-reader-text\">Be Aware - Facebook<\/span><\/a><style type=\"text\/css\" data-type=\"the7_shortcodes-inline-css\">.dt-shortcode-soc-icons a.single-soc-icon-df31cecacbc372e273f14c0340dfaa3a {\n  min-width: 70px;\n  min-height: 70px;\n  font-size: 36px;\n  border-radius: 100px;\n}\n.dt-shortcode-soc-icons a.single-soc-icon-df31cecacbc372e273f14c0340dfaa3a:last-child {\n  margin-right: 0;\n}\n.dt-shortcode-soc-icons a.single-soc-icon-df31cecacbc372e273f14c0340dfaa3a:before,\n.dt-shortcode-soc-icons a.single-soc-icon-df31cecacbc372e273f14c0340dfaa3a:after {\n  min-width: 70px;\n  min-height: 70px;\n  padding: inherit;\n}\n.dt-shortcode-soc-icons a.single-soc-icon-df31cecacbc372e273f14c0340dfaa3a.dt-icon-border-on:before {\n  border: 0px solid ;\n}\n.dt-shortcode-soc-icons a.single-soc-icon-df31cecacbc372e273f14c0340dfaa3a.dt-icon-hover-border-on:after {\n  border: 0px solid ;\n}\n.dt-shortcode-soc-icons a.single-soc-icon-df31cecacbc372e273f14c0340dfaa3a:hover {\n  font-size: 36px;\n}\n#page .dt-shortcode-soc-icons a.single-soc-icon-df31cecacbc372e273f14c0340dfaa3a:not(:hover) .soc-font-icon,\n#phantom .dt-shortcode-soc-icons a.single-soc-icon-df31cecacbc372e273f14c0340dfaa3a:not(:hover) .soc-font-icon,\n#page .dt-shortcode-soc-icons a.single-soc-icon-df31cecacbc372e273f14c0340dfaa3a:not(:hover) .soc-icon,\n#phantom .dt-shortcode-soc-icons a.single-soc-icon-df31cecacbc372e273f14c0340dfaa3a:not(:hover) .soc-icon {\n  color: #ffffff;\n  background: none;\n}\n.dt-shortcode-soc-icons a.single-soc-icon-df31cecacbc372e273f14c0340dfaa3a .soc-font-icon,\n.dt-shortcode-soc-icons a.single-soc-icon-df31cecacbc372e273f14c0340dfaa3a .soc-icon {\n  font-size: 36px;\n}\n<\/style><a title=\"Be Aware - LinkedIn\" href=\"https:\/\/www.linkedin.com\/company\/be-aware-projekt\/\"  target=\"_blank\" rel=\"nofollow\"class=\"linkedin single-soc-icon-df31cecacbc372e273f14c0340dfaa3a dt-icon-bg-on dt-icon-hover-bg-off  \" ><i class=\"soc-icon soc-font-icon dt-icon-linkedin\"><\/i><span class=\"screen-reader-text\">Be Aware - LinkedIn<\/span><\/a><\/div>[\/vc_column][\/vc_row][vc_row][vc_column]<div id=\"ultimate-heading-47869e16e12d8f29\" class=\"uvc-heading ult-adjust-bottom-margin ultimate-heading-47869e16e12d8f29 uvc-3765 \" data-hspacer=\"line_only\"  data-halign=\"center\" style=\"text-align:center\"><div class=\"uvc-main-heading ult-responsive\"  data-ultimate-target='.uvc-heading.ultimate-heading-47869e16e12d8f29 h1'  data-responsive-json-new='{\"font-size\":\"tablet:44px;tablet_portrait:36px;mobile_landscape:34px;mobile:32px;\",\"line-height\":\"\"}' ><h1 style=\"font-weight:bold;\">Naujienlai\u0161kius<\/h1><\/div><div class=\"uvc-heading-spacer line_only\" style=\"margin-top:25px;margin-bottom:50px;height:2px;\"><span class=\"uvc-headings-line\" style=\"border-style:solid;border-bottom-width:2px;border-color:#d92128;width:150px;\"><\/span><\/div><\/div>[vc_row_inner equal_height=&#8221;yes&#8221; gap=&#8221;35&#8243;][vc_column_inner width=&#8221;1\/4&#8243; css=&#8221;.vc_custom_1580897547343{border-top-width: 5px !important;border-right-width: 5px !important;border-bottom-width: 5px !important;border-left-width: 5px !important;border-left-color: #d92128 !important;border-left-style: solid !important;border-right-color: #d92128 !important;border-right-style: solid !important;border-top-color: #d92128 !important;border-top-style: solid !important;border-bottom-color: #d92128 !important;border-bottom-style: solid !important;border-radius: 10px !important;}&#8221;][vc_column_text]<\/p>\n<p style=\"text-align: center;\"><strong>2020 m. sausio 1 d.<\/strong><\/p>\n<ul>\n<li><a href=\"https:\/\/www.beaware.eu.com\/wp-content\/uploads\/2020\/01\/BeAware-newsletter-1-de.html\" target=\"_blank\" rel=\"noopener noreferrer\">Deutsch<\/a><\/li>\n<li><a href=\"https:\/\/www.beaware.eu.com\/wp-content\/uploads\/2020\/01\/BeAware-newsletter-1-en.html\" target=\"_blank\" rel=\"noopener noreferrer\">English<\/a><\/li>\n<li><a href=\"https:\/\/www.beaware.eu.com\/wp-content\/uploads\/2020\/01\/BeAware-newsletter-1-bg.html\" target=\"_blank\" rel=\"noopener noreferrer\">\u0431\u044a\u043b\u0433\u0430\u0440\u0441\u043a\u0438<\/a><\/li>\n<li><a href=\"https:\/\/www.beaware.eu.com\/wp-content\/uploads\/2020\/01\/BeAware-newsletter-1-lt.html\" target=\"_blank\" rel=\"noopener noreferrer\">Lietuvi\u0173<\/a><\/li>\n<li><a href=\"https:\/\/www.beaware.eu.com\/wp-content\/uploads\/2020\/01\/BeAware-newsletter-1-es.html\" target=\"_blank\" rel=\"noopener noreferrer\">Espa\u00f1ol<\/a><\/li>\n<li><a href=\"https:\/\/www.beaware.eu.com\/wp-content\/uploads\/2020\/01\/BeAware-newsletter-1-tr.html\" target=\"_blank\" rel=\"noopener noreferrer\">Turkish<\/a><\/li>\n<\/ul>\n<p>[\/vc_column_text][\/vc_column_inner][vc_column_inner width=&#8221;1\/4&#8243; css=&#8221;.vc_custom_1593034028063{border-top-width: 5px !important;border-right-width: 5px !important;border-bottom-width: 5px !important;border-left-width: 5px !important;border-left-color: #d92128 !important;border-left-style: solid !important;border-right-color: #d92128 !important;border-right-style: solid !important;border-top-color: #d92128 !important;border-top-style: solid !important;border-bottom-color: #d92128 !important;border-bottom-style: solid !important;border-radius: 10px !important;}&#8221;][vc_column_text]<\/p>\n<p style=\"text-align: center;\"><strong>#2 Bir\u017eelis 2020<\/strong><\/p>\n<ul>\n<li><a href=\"https:\/\/www.beaware.eu.com\/wp-content\/uploads\/2020\/06\/BeAware-newsletter-2-DE.html\" target=\"_blank\" rel=\"noopener noreferrer\">Deutsch<\/a><\/li>\n<li><a href=\"https:\/\/www.beaware.eu.com\/wp-content\/uploads\/2020\/06\/BeAware-newsletter-2-EN.html\" target=\"_blank\" rel=\"noopener noreferrer\">English<\/a><\/li>\n<li><a href=\"https:\/\/www.beaware.eu.com\/wp-content\/uploads\/2020\/06\/BeAware-newsletter-2-BG.html\" target=\"_blank\" rel=\"noopener noreferrer\">\u0431\u044a\u043b\u0433\u0430\u0440\u0441\u043a\u0438<\/a><\/li>\n<li><a href=\"https:\/\/www.beaware.eu.com\/wp-content\/uploads\/2020\/06\/BeAware-newsletter-2-LT.html\" target=\"_blank\" rel=\"noopener noreferrer\">Lietuvi\u0173<\/a><\/li>\n<li><a href=\"https:\/\/www.beaware.eu.com\/wp-content\/uploads\/2020\/06\/BeAware-newsletter-2-ES.html\" target=\"_blank\" rel=\"noopener noreferrer\">Espa\u00f1ol<\/a><\/li>\n<li><a href=\"https:\/\/www.beaware.eu.com\/wp-content\/uploads\/2020\/06\/BeAware-newsletter-2-TR.html\" target=\"_blank\" rel=\"noopener noreferrer\">Turkish<\/a><\/li>\n<\/ul>\n<p>[\/vc_column_text][\/vc_column_inner][vc_column_inner width=&#8221;1\/4&#8243; offset=&#8221;vc_hidden-xs&#8221; css=&#8221;.vc_custom_1612364909638{border-top-width: 5px !important;border-right-width: 5px !important;border-bottom-width: 5px !important;border-left-width: 5px !important;border-left-color: #d92128 !important;border-left-style: solid !important;border-right-color: #d92128 !important;border-right-style: solid !important;border-top-color: #d92128 !important;border-top-style: solid !important;border-bottom-color: #d92128 !important;border-bottom-style: solid !important;border-radius: 10px !important;}&#8221;][vc_column_text]<\/p>\n<p style=\"text-align: center;\"><strong>#3 Sausis 2021<\/strong><\/p>\n<ul>\n<li><a href=\"https:\/\/www.beaware.eu.com\/wp-content\/uploads\/2021\/02\/BeAware-newsletter-3-DE.html\" target=\"_blank\" rel=\"noopener noreferrer\">Deutsch<\/a><\/li>\n<li><a href=\"https:\/\/www.beaware.eu.com\/wp-content\/uploads\/2021\/02\/BeAware-newsletter-3-EN.html\" target=\"_blank\" rel=\"noopener noreferrer\">English<\/a><\/li>\n<li><a href=\"https:\/\/www.beaware.eu.com\/wp-content\/uploads\/2021\/02\/BeAware-newsletter-3-BG.html\" target=\"_blank\" rel=\"noopener noreferrer\">\u0431\u044a\u043b\u0433\u0430\u0440\u0441\u043a\u0438<\/a><\/li>\n<li><a href=\"https:\/\/www.beaware.eu.com\/wp-content\/uploads\/2021\/02\/BeAware-newsletter-3-LT.html\" target=\"_blank\" rel=\"noopener noreferrer\">Lietuvi\u0173<\/a><\/li>\n<li><a href=\"https:\/\/www.beaware.eu.com\/wp-content\/uploads\/2021\/02\/BeAware-newsletter-3-ES.html\" target=\"_blank\" rel=\"noopener noreferrer\">Espa\u00f1ol<\/a><\/li>\n<li><a href=\"https:\/\/www.beaware.eu.com\/wp-content\/uploads\/2021\/02\/BeAware-newsletter-3-TR.html\" target=\"_blank\" rel=\"noopener noreferrer\">Turkish<\/a><\/li>\n<\/ul>\n<p>[\/vc_column_text][\/vc_column_inner][vc_column_inner width=&#8221;1\/4&#8243; css=&#8221;.vc_custom_1623922039079{border-top-width: 5px !important;border-right-width: 5px !important;border-bottom-width: 5px !important;border-left-width: 5px !important;border-left-color: #d92128 !important;border-left-style: solid !important;border-right-color: #d92128 !important;border-right-style: solid !important;border-top-color: #d92128 !important;border-top-style: solid !important;border-bottom-color: #d92128 !important;border-bottom-style: solid !important;border-radius: 10px !important;}&#8221;][vc_column_text]<\/p>\n<p style=\"text-align: center;\"><strong>#4 Bir\u017eelis 2021<\/strong><\/p>\n<ul>\n<li><a href=\"https:\/\/www.beaware.eu.com\/wp-content\/uploads\/2021\/06\/BeAware-newsletter-4-DE.html\" target=\"_blank\" rel=\"noopener noreferrer\">Deutsch<\/a><\/li>\n<li><a href=\"https:\/\/www.beaware.eu.com\/wp-content\/uploads\/2021\/06\/BeAware-newsletter-4-EN.html\" target=\"_blank\" rel=\"noopener noreferrer\">English<\/a><\/li>\n<li><a href=\"https:\/\/www.beaware.eu.com\/wp-content\/uploads\/2021\/07\/BeAware-newsletter-4-BG.html\" target=\"_blank\" rel=\"noopener noreferrer\">\u0431\u044a\u043b\u0433\u0430\u0440\u0441\u043a\u0438<\/a><\/li>\n<li><a href=\"https:\/\/www.beaware.eu.com\/wp-content\/uploads\/2021\/07\/BeAware-newsletter-4-LT.html\" target=\"_blank\" rel=\"noopener noreferrer\">Lietuvi\u0173<\/a><\/li>\n<li><a href=\"https:\/\/www.beaware.eu.com\/?mailpoet_router&amp;endpoint=view_in_browser&amp;action=view&amp;data=WzIyLCI1MWM4YmQxN2QwYWQiLDAsMCwwLDFd\" target=\"_blank\" rel=\"noopener noreferrer\">Espa\u00f1ol<\/a><\/li>\n<li><a href=\"https:\/\/www.beaware.eu.com\/wp-content\/uploads\/2021\/06\/BeAware-newsletter-4-TR.html\" target=\"_blank\" rel=\"noopener noreferrer\">Turkish<\/a><\/li>\n<\/ul>\n<p>[\/vc_column_text][\/vc_column_inner][\/vc_row_inner][\/vc_column][\/vc_row]<\/p>","protected":false},"excerpt":{"rendered":"<p>[vc_row][vc_column][vc_row_inner gap=&#8221;35&#8243;][vc_column_inner width=&#8221;1\/3&#8243; css=&#8221;.vc_custom_1592166051966{margin-bottom: 50px !important;}&#8221;][vc_single_image image=&#8221;1863&#8243; img_size=&#8221;&#8221; onclick=&#8221;custom_link&#8221; img_link_target=&#8221;_blank&#8221; link=&#8221;https:\/\/www.beaware.eu.com\/wp-content\/uploads\/2019\/10\/BeAware_IO1_Summary_LTU.pdf&#8221;][vc_column_text] IO1 \u2013 SANTRAUKA TYRIMAS APIE NACIONALINIUS\/KULT\u016aRINIUS POREIKIUS MOKYM\u0172 PROGRAMAI, JOS AKREDITAVIMUI IR \u012eGYVENDINIMUI. Projektas \u201eBe Aware\u201c si\u016blo sisteming\u0105 po\u017ei\u016br\u012f, suteikiant \u012fvairias priemones ir metodus, skirtus pagerinti \u017emogi\u0161k\u0173j\u0173 i\u0161tekli\u0173 vadybinink\u0173, profesijos mokytoj\u0173, suaugusi\u0173j\u0173 \u0161viet\u0117j\u0173, mentori\u0173, darbuotoj\u0173 atstov\u0173 profesin\u012f tobul\u0117jim\u0105&#8230; [\/vc_column_text][\/vc_column_inner][vc_column_inner width=&#8221;1\/3&#8243; css=&#8221;.vc_custom_1592166060894{margin-bottom: 50px !important;}&#8221;][vc_single_image image=&#8221;1852&#8243;&hellip;<\/p>\n","protected":false},"author":1,"featured_media":0,"parent":0,"menu_order":0,"comment_status":"closed","ping_status":"closed","template":"","meta":[],"_links":{"self":[{"href":"https:\/\/www.beaware.eu.com\/lt\/wp-json\/wp\/v2\/pages\/1774"}],"collection":[{"href":"https:\/\/www.beaware.eu.com\/lt\/wp-json\/wp\/v2\/pages"}],"about":[{"href":"https:\/\/www.beaware.eu.com\/lt\/wp-json\/wp\/v2\/types\/page"}],"author":[{"embeddable":true,"href":"https:\/\/www.beaware.eu.com\/lt\/wp-json\/wp\/v2\/users\/1"}],"replies":[{"embeddable":true,"href":"https:\/\/www.beaware.eu.com\/lt\/wp-json\/wp\/v2\/comments?post=1774"}],"version-history":[{"count":42,"href":"https:\/\/www.beaware.eu.com\/lt\/wp-json\/wp\/v2\/pages\/1774\/revisions"}],"predecessor-version":[{"id":2204,"href":"https:\/\/www.beaware.eu.com\/lt\/wp-json\/wp\/v2\/pages\/1774\/revisions\/2204"}],"wp:attachment":[{"href":"https:\/\/www.beaware.eu.com\/lt\/wp-json\/wp\/v2\/media?parent=1774"}],"curies":[{"name":"wp","href":"https:\/\/api.w.org\/{rel}","templated":true}]}}