{"id":1558,"date":"2019-07-26T10:32:10","date_gmt":"2019-07-26T10:32:10","guid":{"rendered":"https:\/\/www.beaware.eu.com\/?page_id=1558"},"modified":"2024-11-13T10:03:28","modified_gmt":"2024-11-13T10:03:28","slug":"impressum","status":"publish","type":"page","link":"https:\/\/www.beaware.eu.com\/tr\/impressum\/","title":{"rendered":"Damga"},"content":{"rendered":"<p>[vc_row css=&#8221;.vc_custom_1564136963572{padding-top: 100px !important;padding-bottom: 100px !important;}&#8221;][vc_column][vc_column_text]<\/p>\n<h4><strong>Frauen im Brennpunkt<\/strong><\/h4>\n<p>Innrain 25<br \/>\n6020 Innsbruck | Austria<\/p>\n<p>Telefon: 0043 512 587608<br \/>\nE-Mail: coordination.eu@fib.at<\/p>\n<p>ZVR: 370671536<\/p>\n<p><span style=\"font-weight: 400;\">Proje numaras\u0131: 2018-1-AT01-KA202-039286<\/span><\/p>\n<p><span style=\"text-align: justify;\">\u00a0<\/span><\/p>\n<p><b>uyu\u015fmazl\u0131\u011f\u0131n \u00e7\u00f6z\u00fcm\u00fc<\/b><\/p>\n<p><span style=\"font-weight: 400;\">Avrupa Komisyonu, \u00e7evrimi\u00e7i anla\u015fmazl\u0131klar\u0131n \u00e7\u00f6z\u00fcm\u00fc i\u00e7in bir platform sunmaktad\u0131r (OS)<\/span><span style=\"text-align: justify;\">: <\/span><a style=\"text-align: justify;\" href=\"https:\/\/ec.europa.eu\/consumers\/odr\" target=\"_blank\" rel=\"noopener noreferrer\">https:\/\/ec.europa.eu\/consumers\/odr<\/a><span style=\"text-align: justify;\">.\u00a0<\/span><span style=\"font-weight: 400;\">E-posta adresimiz yukar\u0131da yaz\u0131l\u0131 olarak bulunabilir.<\/span><\/p>\n<p><span style=\"font-weight: 400;\">T\u00fcketici hakem heyeti \u00f6n\u00fcnde uyu\u015fmazl\u0131k \u00e7\u00f6z\u00fcm prosed\u00fcrlerine kat\u0131lmak istemiyoruz veya buna mecbur de\u011filiz.<\/span><\/p>\n<p>&nbsp;<\/p>\n<p><b>\u0130\u00e7erik sorumlulu\u011fu<\/b><\/p>\n<p><span style=\"font-weight: 400;\">Bir servis sa\u011flay\u0131c\u0131 olarak, genel yasalara g\u00f6re bu taraflardaki kendi i\u00e7eriklerinden \u00a7 7 Abs.1 TMG uyar\u0131nca sorumluyuz. Ancak \u00a7\u00a7 8 ila 10 TMG&#8217;ye g\u00f6re, bir hizmet sa\u011flay\u0131c\u0131 olarak iletilen veya saklanan \u00fc\u00e7\u00fcnc\u00fc taraf bilgilerini izlemek veya yasa d\u0131\u015f\u0131 bir faaliyet g\u00f6steren ko\u015fullar\u0131 ara\u015ft\u0131rmak zorunda de\u011filiz.<\/span><\/p>\n<p><span style=\"font-weight: 400;\">Genel yasa uyar\u0131nca bilgilerin kullan\u0131m\u0131n\u0131n kald\u0131r\u0131lmas\u0131 veya engellenmesi y\u00fck\u00fcml\u00fcl\u00fc\u011f\u00fc etkilenmedi. Bununla birlikte, bu konuda sorumluluk ancak belirli bir ihlal bilgisi oldu\u011fu anda m\u00fcmk\u00fcnd\u00fcr. Uygun ihlallerin bildirilmesi \u00fczerine bu i\u00e7eri\u011fi derhal kald\u0131raca\u011f\u0131z.<\/span><\/p>\n<p>&nbsp;<\/p>\n<p><b>Ba\u011flant\u0131lar\u0131n sorumlulu\u011fu<\/b><\/p>\n<p><span style=\"font-weight: 400;\">Teklifimiz, i\u00e7eri\u011fini etkilemedi\u011fimiz \u00fc\u00e7\u00fcnc\u00fc taraflar\u0131n harici web sitelerine ba\u011flant\u0131lar i\u00e7ermektedir. Bu nedenle, bu harici i\u00e7erikler i\u00e7in herhangi bir sorumluluk kabul edemiyoruz. Ba\u011flant\u0131l\u0131 sayfalar\u0131n i\u00e7eri\u011fi her zaman sayfalar\u0131n sa\u011flay\u0131c\u0131s\u0131n\u0131n veya operat\u00f6r\u00fcn\u00fcn sorumlulu\u011fundad\u0131r. Ba\u011flant\u0131l\u0131 sayfalar, ba\u011flant\u0131 an\u0131nda olas\u0131 yasal ihlaller a\u00e7\u0131s\u0131ndan kontrol edildi. Ba\u011flant\u0131 s\u0131ras\u0131nda yasad\u0131\u015f\u0131 i\u00e7erikler tan\u0131nm\u0131yordu.<\/span><\/p>\n<p><span style=\"font-weight: 400;\">Ancak, ba\u011flant\u0131l\u0131 sayfalar\u0131n kal\u0131c\u0131 bir i\u00e7erik kontrol\u00fc, yasalar\u0131n ihlal edildi\u011fine dair somut kan\u0131tlar olmadan makul de\u011fildir. \u0130hlallerin bildirilmesi \u00fczerine bu ba\u011flant\u0131lar\u0131 derhal kald\u0131raca\u011f\u0131z.<\/span><\/p>\n<p>&nbsp;<\/p>\n<p><b>telif hakk\u0131<\/b><\/p>\n<p><span style=\"font-weight: 400;\">Site operat\u00f6rleri taraf\u0131ndan olu\u015fturulan bu sayfalardaki i\u00e7erik ve eserler, Alman telif haklar\u0131na tabidir. Kopyalama, i\u015fleme, da\u011f\u0131t\u0131m ve telif hakk\u0131 s\u0131n\u0131rlar\u0131 d\u0131\u015f\u0131ndaki her t\u00fcrl\u00fc s\u00f6m\u00fcr\u00fc, ilgili yazar\u0131n veya yarat\u0131c\u0131n\u0131n yaz\u0131l\u0131 onay\u0131n\u0131 gerektirir.<\/span><\/p>\n<p><span style=\"font-weight: 400;\">Bu sitenin indirilmesi ve kopyalanmas\u0131 sadece ticari ama\u00e7l\u0131, \u00f6zel kullan\u0131m i\u00e7indir. Bu taraftaki i\u00e7erik operat\u00f6r taraf\u0131ndan yarat\u0131lmad\u0131\u011f\u0131 s\u00fcrece, \u00fc\u00e7\u00fcnc\u00fc taraflar\u0131n telif haklar\u0131 dikkate al\u0131n\u0131r. \u00d6zellikle, \u00fc\u00e7\u00fcnc\u00fc taraf i\u00e7eri\u011fi bu \u015fekilde tan\u0131mlanmaktad\u0131r. Hala bir telif hakk\u0131 ihlalinden haberdar olman\u0131z durumunda, not alman\u0131z\u0131 rica ederiz. \u0130hlal bildirimi \u00fczerine hemen bu t\u00fcr i\u00e7erikleri kald\u0131raca\u011f\u0131z.<\/span>[\/vc_column_text][\/vc_column][\/vc_row]<\/p>","protected":false},"excerpt":{"rendered":"<p>[vc_row css=&#8221;.vc_custom_1564136963572{padding-top: 100px !important;padding-bottom: 100px !important;}&#8221;][vc_column][vc_column_text] Frauen im Brennpunkt Innrain 25 6020 Innsbruck | Austria Telefon: 0043 512 587608 E-Mail: coordination.eu@fib.at ZVR: 370671536 Proje numaras\u0131: 2018-1-AT01-KA202-039286 \u00a0 uyu\u015fmazl\u0131\u011f\u0131n \u00e7\u00f6z\u00fcm\u00fc Avrupa Komisyonu, \u00e7evrimi\u00e7i anla\u015fmazl\u0131klar\u0131n \u00e7\u00f6z\u00fcm\u00fc i\u00e7in bir platform sunmaktad\u0131r (OS): https:\/\/ec.europa.eu\/consumers\/odr.\u00a0E-posta adresimiz yukar\u0131da yaz\u0131l\u0131 olarak bulunabilir. T\u00fcketici hakem heyeti \u00f6n\u00fcnde uyu\u015fmazl\u0131k \u00e7\u00f6z\u00fcm prosed\u00fcrlerine kat\u0131lmak istemiyoruz veya&hellip;<\/p>\n","protected":false},"author":1,"featured_media":0,"parent":0,"menu_order":0,"comment_status":"closed","ping_status":"closed","template":"","meta":[],"_links":{"self":[{"href":"https:\/\/www.beaware.eu.com\/tr\/wp-json\/wp\/v2\/pages\/1558"}],"collection":[{"href":"https:\/\/www.beaware.eu.com\/tr\/wp-json\/wp\/v2\/pages"}],"about":[{"href":"https:\/\/www.beaware.eu.com\/tr\/wp-json\/wp\/v2\/types\/page"}],"author":[{"embeddable":true,"href":"https:\/\/www.beaware.eu.com\/tr\/wp-json\/wp\/v2\/users\/1"}],"replies":[{"embeddable":true,"href":"https:\/\/www.beaware.eu.com\/tr\/wp-json\/wp\/v2\/comments?post=1558"}],"version-history":[{"count":6,"href":"https:\/\/www.beaware.eu.com\/tr\/wp-json\/wp\/v2\/pages\/1558\/revisions"}],"predecessor-version":[{"id":2213,"href":"https:\/\/www.beaware.eu.com\/tr\/wp-json\/wp\/v2\/pages\/1558\/revisions\/2213"}],"wp:attachment":[{"href":"https:\/\/www.beaware.eu.com\/tr\/wp-json\/wp\/v2\/media?parent=1558"}],"curies":[{"name":"wp","href":"https:\/\/api.w.org\/{rel}","templated":true}]}}