{"id":1774,"date":"2020-02-05T09:07:39","date_gmt":"2020-02-05T09:07:39","guid":{"rendered":"https:\/\/www.beaware.eu.com\/?page_id=1774"},"modified":"2021-10-29T09:22:02","modified_gmt":"2021-10-29T09:22:02","slug":"news","status":"publish","type":"page","link":"https:\/\/www.beaware.eu.com\/tr\/news\/","title":{"rendered":"Haberler"},"content":{"rendered":"<p>[vc_row][vc_column]<div id=\"ultimate-heading-283469e16e12d00a8\" class=\"uvc-heading ult-adjust-bottom-margin ultimate-heading-283469e16e12d00a8 uvc-4346 \" data-hspacer=\"line_only\"  data-halign=\"center\" style=\"text-align:center\"><div class=\"uvc-main-heading ult-responsive\"  data-ultimate-target='.uvc-heading.ultimate-heading-283469e16e12d00a8 h1'  data-responsive-json-new='{\"font-size\":\"tablet:44px;tablet_portrait:36px;mobile_landscape:34px;mobile:32px;\",\"line-height\":\"\"}' ><h1 style=\"font-weight:bold;\">Yaz\u0131lar\u0131m\u0131z\u0131 okuyun<\/h1><\/div><div class=\"uvc-heading-spacer line_only\" style=\"margin-top:25px;margin-bottom:50px;height:2px;\"><span class=\"uvc-headings-line\" style=\"border-style:solid;border-bottom-width:2px;border-color:#d92128;width:150px;\"><\/span><\/div><\/div>[vc_row_inner gap=&#8221;35&#8243;][vc_column_inner width=&#8221;1\/3&#8243; css=&#8221;.vc_custom_1592166368608{margin-bottom: 50px !important;}&#8221;][vc_single_image image=&#8221;1860&#8243; img_size=&#8221;&#8221; onclick=&#8221;custom_link&#8221; img_link_target=&#8221;_blank&#8221; link=&#8221;https:\/\/www.beaware.eu.com\/wp-content\/uploads\/2019\/10\/BeAware_IO1_Summary_TUR.pdf&#8221;][vc_column_text]<\/p>\n<p style=\"text-align: left;\"><strong>IO1 &#8211; \u00d6ZET E\u011eITIM VE AKREDITASYONUN GELI\u015eTIRILMESI VE UYGULANMASI \u0130\u00c7IN ULUSAL \/ K\u00dcLT\u00dcREL ADAPTASYONLARA Y\u00d6NELIK ARA\u015eTIRMA RAPORU<\/strong><\/p>\n<p style=\"text-align: left;\">Be Aware projesi, \u0130nsan Kaynaklar\u0131 Y\u00f6neticileri, e\u011fitmenler, \u00f6\u011fretmenler, mentorlar, i\u015f\u00e7i temsilcilerinin mesleki geli\u015fimlerini geli\u015ftirmek i\u00e7in farkl\u0131 ara\u00e7lar ve y\u00f6ntemlere dayal\u0131 d\u00fczenli bir yakla\u015f\u0131m \u00f6nerir&#8230;<\/p>\n<p>[\/vc_column_text]<style type=\"text\/css\" data-type=\"the7_shortcodes-inline-css\">#default-btn-d0d6ac2e51b16597e7f6ac54d371d033.ico-right-side > i {\n  margin-right: 0px;\n  margin-left: 8px;\n}\n#default-btn-d0d6ac2e51b16597e7f6ac54d371d033 > i {\n  margin-right: 8px;\n}\n#default-btn-d0d6ac2e51b16597e7f6ac54d371d033 * {\n  vertical-align: middle;\n}\n<\/style><a href=\"https:\/\/www.beaware.eu.com\/wp-content\/uploads\/2019\/10\/BeAware_IO1_Summary_TUR.pdf\" class=\"default-btn-shortcode dt-btn dt-btn-s link-hover-off btn-inline-left \" target=\"_blank\" id=\"default-btn-d0d6ac2e51b16597e7f6ac54d371d033\" rel=\"noopener\"><span>Daha fazla oku&#8230;<\/span><\/a>[\/vc_column_inner][vc_column_inner width=&#8221;1\/3&#8243; css=&#8221;.vc_custom_1592166375560{margin-bottom: 50px !important;}&#8221;][vc_single_image image=&#8221;1852&#8243; img_size=&#8221;&#8221; onclick=&#8221;custom_link&#8221; img_link_target=&#8221;_blank&#8221; link=&#8221;https:\/\/www.beaware.eu.com\/wp-content\/uploads\/2020\/03\/IO2_Be-Aware-Standards-for-VET_Trainings_EN.pdf&#8221;][vc_column_text]<\/p>\n<p style=\"text-align: left;\"><strong>IO2 &#8211; STANDARDS FOR VET-TRAINING<br \/>\nErasmus+: KA2 &#8211; Cooperation for Innovation and the Exchange of Good Practices &#8211; Strategic Partnerships for adult education<\/strong><\/p>\n<p style=\"text-align: left;\">Be Aware \u2013 Strengthening Competences to Face Sexual Harassment at the workplace is a three-year project, funded by the European Commission, Erasmus+ Strategic Partnerships for Vocational Education and Training (VET)&#8230;<\/p>\n<p>[\/vc_column_text]<style type=\"text\/css\" data-type=\"the7_shortcodes-inline-css\">#default-btn-718e81e2d51da52a267ae5ea951e7c25.ico-right-side > i {\n  margin-right: 0px;\n  margin-left: 8px;\n}\n#default-btn-718e81e2d51da52a267ae5ea951e7c25 > i {\n  margin-right: 8px;\n}\n#default-btn-718e81e2d51da52a267ae5ea951e7c25 * {\n  vertical-align: middle;\n}\n<\/style><a href=\"https:\/\/www.beaware.eu.com\/wp-content\/uploads\/2020\/03\/IO2_Be-Aware-Standards-for-VET_Trainings_EN.pdf\" class=\"default-btn-shortcode dt-btn dt-btn-s link-hover-off btn-inline-left \" target=\"_blank\" id=\"default-btn-718e81e2d51da52a267ae5ea951e7c25\" rel=\"noopener\"><span>Daha fazla oku&#8230;<\/span><\/a>[\/vc_column_inner][vc_column_inner width=&#8221;1\/3&#8243; css=&#8221;.vc_custom_1592166382134{margin-bottom: 50px !important;}&#8221;][vc_single_image image=&#8221;2136&#8243; img_size=&#8221;&#8221; onclick=&#8221;custom_link&#8221; img_link_target=&#8221;_blank&#8221; link=&#8221;https:\/\/www.beaware.eu.com\/wp-content\/uploads\/2021\/05\/Be-Aware-IO3-Ftf-Distance-Training_TR.pdf&#8221;][vc_column_text]<\/p>\n<p style=\"text-align: left;\"><strong>IO3 &#8211; UZAKTAN VE Y\u00dcZ Y\u00dcZE E\u011e\u0130T\u0130M\u0130 KURULU\u015eLARDA S\u0130STEM\u0130K \u00d6NLEM TEDB\u0130RLER\u0130 VE DESTEK \u0130\u00c7\u0130N IO3 E\u011e\u0130T\u0130M\u0130<\/strong><\/p>\n<p style=\"text-align: left;\">\u201cUzaktan ve Y\u00fcz y\u00fcze olarak verilecek E\u011fitime dayal\u0131 bu entelekt\u00fcel \u00e7\u0131kt\u0131 \u00fc\u00e7 ana b\u00f6l\u00fcmden olu\u015fmaktad\u0131r. Proje konusuna k\u0131sa bir giri\u015ften sonra, kullan\u0131c\u0131n\u0131n bilmesi gereken terimlerin oldu\u011fu bir k\u0131s\u0131m bulunmaktad\u0131r&#8230;<\/p>\n<p>[\/vc_column_text]<style type=\"text\/css\" data-type=\"the7_shortcodes-inline-css\">#default-btn-2b7c1952f78a01735acba44f1f1099e2.ico-right-side > i {\n  margin-right: 0px;\n  margin-left: 8px;\n}\n#default-btn-2b7c1952f78a01735acba44f1f1099e2 > i {\n  margin-right: 8px;\n}\n#default-btn-2b7c1952f78a01735acba44f1f1099e2 * {\n  vertical-align: middle;\n}\n<\/style><a href=\"https:\/\/www.beaware.eu.com\/wp-content\/uploads\/2021\/05\/Be-Aware-IO3-Ftf-Distance-Training_TR.pdf\" class=\"default-btn-shortcode dt-btn dt-btn-s link-hover-off btn-inline-left \" target=\"_blank\" id=\"default-btn-2b7c1952f78a01735acba44f1f1099e2\" rel=\"noopener\"><span>Daha fazla oku&#8230;<\/span><\/a>[\/vc_column_inner][\/vc_row_inner][vc_row_inner gap=&#8221;35&#8243;][vc_column_inner width=&#8221;1\/3&#8243; css=&#8221;.vc_custom_1592166382134{margin-bottom: 50px !important;}&#8221;][vc_single_image image=&#8221;2135&#8243; img_size=&#8221;&#8221; onclick=&#8221;custom_link&#8221; img_link_target=&#8221;_blank&#8221; link=&#8221;https:\/\/www.beaware.eu.com\/wp-content\/uploads\/2021\/05\/BeAware-IO4-Final-TR.pdf&#8221;][vc_column_text]<\/p>\n<p style=\"text-align: left;\"><strong>IO4 &#8211; UZAKTAN VE Y\u00dcZ Y\u00dcZE E\u011e\u0130T\u0130M\u0130N GEL\u0130\u015eT\u0130R\u0130LMES\u0130 &#8211; \u0130\u015eYER\u0130NDE FARKINDALIK<\/strong><\/p>\n<p style=\"text-align: left;\">\u0130\u015fyerinde cinsel \u015fiddet, uygunsuz hareket, cinsiyet veya cinsel tercih ile ilgili herhangi bir yorum veya davran\u0131\u015f i\u00e7eren bir ayr\u0131mc\u0131l\u0131k bi\u00e7imidir. Avrupa&#8217;daki her on kad\u0131ndan alt\u0131s\u0131n\u0131n kariyerleri boyunca cinsiyet\u00e7i davran\u0131\u015flara katland\u0131\u011f\u0131 veya cinsel \u015fiddete maruz kald\u0131\u011f\u0131 tahmin edilmektedir&#8230;<\/p>\n<p>[\/vc_column_text]<style type=\"text\/css\" data-type=\"the7_shortcodes-inline-css\">#default-btn-c70c48e4c5f15f38aca1c889ec0e6bba.ico-right-side > i {\n  margin-right: 0px;\n  margin-left: 8px;\n}\n#default-btn-c70c48e4c5f15f38aca1c889ec0e6bba > i {\n  margin-right: 8px;\n}\n#default-btn-c70c48e4c5f15f38aca1c889ec0e6bba * {\n  vertical-align: middle;\n}\n<\/style><a href=\"https:\/\/www.beaware.eu.com\/wp-content\/uploads\/2021\/05\/BeAware-IO4-Final-TR.pdf\" class=\"default-btn-shortcode dt-btn dt-btn-s link-hover-off btn-inline-left \" target=\"_blank\" id=\"default-btn-c70c48e4c5f15f38aca1c889ec0e6bba\" rel=\"noopener\"><span>Daha fazla oku&#8230;<\/span><\/a>[\/vc_column_inner][vc_column_inner width=&#8221;1\/3&#8243; css=&#8221;.vc_custom_1592166368608{margin-bottom: 50px !important;}&#8221;][vc_single_image image=&#8221;2186&#8243; img_size=&#8221;&#8221; onclick=&#8221;custom_link&#8221; img_link_target=&#8221;_blank&#8221; link=&#8221;https:\/\/www.beaware.eu.com\/wp-content\/uploads\/2021\/10\/IO5_TR_Be-Aware_Transfer-Handbook-for-Be-Aware-Methodology-and-National-Implementation.pdf&#8221;][vc_column_text]<\/p>\n<p style=\"text-align: left;\"><strong>IO5 &#8211; BE AWARE METODOLOJ\u0130S\u0130 VE ULUSAL UYGULAMA \u0130\u00c7\u0130N AKTARIM EL K\u0130TABI<\/strong><\/p>\n<p style=\"text-align: left;\">Cinsel \u015fiddet \u00f6zellikle korkutucu, du\u0308\u015fmanca, ku\u0308\u00e7u\u0308k du\u0308\u015fu\u0308ru\u0308cu\u0308 ya da sald\u0131rgan bir \u00e7evre oldu\u011funda ki\u015finin haysiyetini ihlal etmek amac\u0131yla her tu\u0308rlu\u0308 istenmeyen, s\u00f6zlu\u0308, yaz\u0131l\u0131 cinsel hakaret veya fiziksel davran\u0131\u015f olarak tan\u0131mlan\u0131r&#8230;<\/p>\n<p>[\/vc_column_text]<style type=\"text\/css\" data-type=\"the7_shortcodes-inline-css\">#default-btn-38f9b2b27014e84b9ebd8e6b01b96e12.ico-right-side > i {\n  margin-right: 0px;\n  margin-left: 8px;\n}\n#default-btn-38f9b2b27014e84b9ebd8e6b01b96e12 > i {\n  margin-right: 8px;\n}\n#default-btn-38f9b2b27014e84b9ebd8e6b01b96e12 * {\n  vertical-align: middle;\n}\n<\/style><a href=\"https:\/\/www.beaware.eu.com\/wp-content\/uploads\/2021\/10\/IO5_TR_Be-Aware_Transfer-Handbook-for-Be-Aware-Methodology-and-National-Implementation.pdf\" class=\"default-btn-shortcode dt-btn dt-btn-s link-hover-off btn-inline-left \" target=\"_blank\" id=\"default-btn-38f9b2b27014e84b9ebd8e6b01b96e12\" rel=\"noopener\"><span>Daha fazla oku&#8230;<\/span><\/a>[\/vc_column_inner][vc_column_inner width=&#8221;1\/3&#8243; css=&#8221;.vc_custom_1592166375560{margin-bottom: 50px !important;}&#8221;][\/vc_column_inner][\/vc_row_inner][\/vc_column][\/vc_row][vc_row full_width=&#8221;stretch_row&#8221; content_placement=&#8221;middle&#8221; bg_type=&#8221;bg_color&#8221; bg_color_value=&#8221;#f2f2f2&#8243; css=&#8221;.vc_custom_1593180850518{margin-top: 80px !important;margin-bottom: 100px !important;padding-top: 35px !important;padding-bottom: 35px !important;}&#8221;][vc_column css=&#8221;.vc_custom_1593180158504{padding-top: 0px !important;padding-bottom: 0px !important;}&#8221;][vc_column_text css=&#8221;.vc_custom_1593184969080{margin-top: 10px !important;margin-bottom: 10px !important;}&#8221;]<\/p>\n<h3 style=\"text-align: center;\">Geli\u015fmeleri takip etmek i\u00e7in bizi sosyal medyada takip edin<\/h3>\n<p>[\/vc_column_text]<style type=\"text\/css\" data-type=\"the7_shortcodes-inline-css\">.dt-shortcode-soc-icons.soc-icons-e28502fc247a69a198cdf69a4a000470 a {\n  margin-right: 35px;\n}\n.dt-shortcode-soc-icons a.soc-icons-e28502fc247a69a198cdf69a4a000470 {\n  margin-right: 35px;\n}\n.dt-shortcode-soc-icons a.soc-icons-e28502fc247a69a198cdf69a4a000470:last-child {\n  margin-right: 0;\n}\n.dt-shortcode-soc-icons a.soc-icons-e28502fc247a69a198cdf69a4a000470:before,\n.dt-shortcode-soc-icons a.soc-icons-e28502fc247a69a198cdf69a4a000470:after {\n  padding: inherit;\n}\n.dt-shortcode-soc-icons a.soc-icons-e28502fc247a69a198cdf69a4a000470.dt-icon-border-on:before {\n  border:  solid ;\n}\n.dt-shortcode-soc-icons a.soc-icons-e28502fc247a69a198cdf69a4a000470.dt-icon-hover-border-on:after {\n  border:  solid ;\n}\n<\/style><div class=\"dt-shortcode-soc-icons  soc-icons-e28502fc247a69a198cdf69a4a000470 soc-icons-center  vc_custom_1593180544491\" ><style type=\"text\/css\" data-type=\"the7_shortcodes-inline-css\">.dt-shortcode-soc-icons a.single-soc-icon-ee8f61fa1308353a7be69b8f660c7906 {\n  min-width: 70px;\n  min-height: 70px;\n  font-size: 36px;\n  border-radius: 100px;\n}\n.dt-shortcode-soc-icons a.single-soc-icon-ee8f61fa1308353a7be69b8f660c7906:last-child {\n  margin-right: 0;\n}\n.dt-shortcode-soc-icons a.single-soc-icon-ee8f61fa1308353a7be69b8f660c7906:before,\n.dt-shortcode-soc-icons a.single-soc-icon-ee8f61fa1308353a7be69b8f660c7906:after {\n  min-width: 70px;\n  min-height: 70px;\n  padding: inherit;\n}\n.dt-shortcode-soc-icons a.single-soc-icon-ee8f61fa1308353a7be69b8f660c7906.dt-icon-border-on:before {\n  border: 0px solid ;\n}\n.dt-shortcode-soc-icons a.single-soc-icon-ee8f61fa1308353a7be69b8f660c7906.dt-icon-hover-border-on:after {\n  border: 0px solid ;\n}\n.dt-shortcode-soc-icons a.single-soc-icon-ee8f61fa1308353a7be69b8f660c7906:hover {\n  font-size: 36px;\n}\n#page .dt-shortcode-soc-icons a.single-soc-icon-ee8f61fa1308353a7be69b8f660c7906:not(:hover) .soc-font-icon,\n#phantom .dt-shortcode-soc-icons a.single-soc-icon-ee8f61fa1308353a7be69b8f660c7906:not(:hover) .soc-font-icon,\n#page .dt-shortcode-soc-icons a.single-soc-icon-ee8f61fa1308353a7be69b8f660c7906:not(:hover) .soc-icon,\n#phantom .dt-shortcode-soc-icons a.single-soc-icon-ee8f61fa1308353a7be69b8f660c7906:not(:hover) .soc-icon {\n  color: #ffffff;\n  background: none;\n}\n.dt-shortcode-soc-icons a.single-soc-icon-ee8f61fa1308353a7be69b8f660c7906 .soc-font-icon,\n.dt-shortcode-soc-icons a.single-soc-icon-ee8f61fa1308353a7be69b8f660c7906 .soc-icon {\n  font-size: 36px;\n}\n<\/style><a title=\"Be Aware - Facebook\" href=\"https:\/\/www.facebook.com\/pg\/Be-Aware-815219465522322\/about\/?ref=page_internal\"  target=\"_blank\" rel=\"nofollow\"class=\"Defaults-facebook single-soc-icon-ee8f61fa1308353a7be69b8f660c7906 dt-icon-bg-on dt-icon-hover-bg-off  \" ><i class=\"soc-icon Defaults-facebook\"><\/i><span class=\"screen-reader-text\">Be Aware - Facebook<\/span><\/a><style type=\"text\/css\" data-type=\"the7_shortcodes-inline-css\">.dt-shortcode-soc-icons a.single-soc-icon-df31cecacbc372e273f14c0340dfaa3a {\n  min-width: 70px;\n  min-height: 70px;\n  font-size: 36px;\n  border-radius: 100px;\n}\n.dt-shortcode-soc-icons a.single-soc-icon-df31cecacbc372e273f14c0340dfaa3a:last-child {\n  margin-right: 0;\n}\n.dt-shortcode-soc-icons a.single-soc-icon-df31cecacbc372e273f14c0340dfaa3a:before,\n.dt-shortcode-soc-icons a.single-soc-icon-df31cecacbc372e273f14c0340dfaa3a:after {\n  min-width: 70px;\n  min-height: 70px;\n  padding: inherit;\n}\n.dt-shortcode-soc-icons a.single-soc-icon-df31cecacbc372e273f14c0340dfaa3a.dt-icon-border-on:before {\n  border: 0px solid ;\n}\n.dt-shortcode-soc-icons a.single-soc-icon-df31cecacbc372e273f14c0340dfaa3a.dt-icon-hover-border-on:after {\n  border: 0px solid ;\n}\n.dt-shortcode-soc-icons a.single-soc-icon-df31cecacbc372e273f14c0340dfaa3a:hover {\n  font-size: 36px;\n}\n#page .dt-shortcode-soc-icons a.single-soc-icon-df31cecacbc372e273f14c0340dfaa3a:not(:hover) .soc-font-icon,\n#phantom .dt-shortcode-soc-icons a.single-soc-icon-df31cecacbc372e273f14c0340dfaa3a:not(:hover) .soc-font-icon,\n#page .dt-shortcode-soc-icons a.single-soc-icon-df31cecacbc372e273f14c0340dfaa3a:not(:hover) .soc-icon,\n#phantom .dt-shortcode-soc-icons a.single-soc-icon-df31cecacbc372e273f14c0340dfaa3a:not(:hover) .soc-icon {\n  color: #ffffff;\n  background: none;\n}\n.dt-shortcode-soc-icons a.single-soc-icon-df31cecacbc372e273f14c0340dfaa3a .soc-font-icon,\n.dt-shortcode-soc-icons a.single-soc-icon-df31cecacbc372e273f14c0340dfaa3a .soc-icon {\n  font-size: 36px;\n}\n<\/style><a title=\"Be Aware - LinkedIn\" href=\"https:\/\/www.linkedin.com\/company\/be-aware-projekt\/\"  target=\"_blank\" rel=\"nofollow\"class=\"linkedin single-soc-icon-df31cecacbc372e273f14c0340dfaa3a dt-icon-bg-on dt-icon-hover-bg-off  \" ><i class=\"soc-icon soc-font-icon dt-icon-linkedin\"><\/i><span class=\"screen-reader-text\">Be Aware - LinkedIn<\/span><\/a><\/div>[\/vc_column][\/vc_row][vc_row][vc_column]<div id=\"ultimate-heading-427769e16e12d098b\" class=\"uvc-heading ult-adjust-bottom-margin ultimate-heading-427769e16e12d098b uvc-2672 \" data-hspacer=\"line_only\"  data-halign=\"center\" style=\"text-align:center\"><div class=\"uvc-main-heading ult-responsive\"  data-ultimate-target='.uvc-heading.ultimate-heading-427769e16e12d098b h1'  data-responsive-json-new='{\"font-size\":\"tablet:44px;tablet_portrait:36px;mobile_landscape:34px;mobile:32px;\",\"line-height\":\"\"}' ><h1 style=\"font-weight:bold;\">HABER B\u00dcLTEN\u0130<\/h1><\/div><div class=\"uvc-heading-spacer line_only\" style=\"margin-top:25px;margin-bottom:50px;height:2px;\"><span class=\"uvc-headings-line\" style=\"border-style:solid;border-bottom-width:2px;border-color:#d92128;width:150px;\"><\/span><\/div><\/div>[vc_row_inner equal_height=&#8221;yes&#8221; gap=&#8221;35&#8243;][vc_column_inner width=&#8221;1\/4&#8243; css=&#8221;.vc_custom_1580897547343{border-top-width: 5px !important;border-right-width: 5px !important;border-bottom-width: 5px !important;border-left-width: 5px !important;border-left-color: #d92128 !important;border-left-style: solid !important;border-right-color: #d92128 !important;border-right-style: solid !important;border-top-color: #d92128 !important;border-top-style: solid !important;border-bottom-color: #d92128 !important;border-bottom-style: solid !important;border-radius: 10px !important;}&#8221;][vc_column_text]<\/p>\n<p style=\"text-align: center;\"><strong>1 Ocak 2020<\/strong><\/p>\n<ul>\n<li><a href=\"https:\/\/www.beaware.eu.com\/wp-content\/uploads\/2020\/01\/BeAware-newsletter-1-de.html\" target=\"_blank\" rel=\"noopener noreferrer\">Deutsch<\/a><\/li>\n<li><a href=\"https:\/\/www.beaware.eu.com\/wp-content\/uploads\/2020\/01\/BeAware-newsletter-1-en.html\" target=\"_blank\" rel=\"noopener noreferrer\">English<\/a><\/li>\n<li><a href=\"https:\/\/www.beaware.eu.com\/wp-content\/uploads\/2020\/01\/BeAware-newsletter-1-bg.html\" target=\"_blank\" rel=\"noopener noreferrer\">\u0431\u044a\u043b\u0433\u0430\u0440\u0441\u043a\u0438<\/a><\/li>\n<li><a href=\"https:\/\/www.beaware.eu.com\/wp-content\/uploads\/2020\/01\/BeAware-newsletter-1-lt.html\" target=\"_blank\" rel=\"noopener noreferrer\">Lietuvi\u0173<\/a><\/li>\n<li><a href=\"https:\/\/www.beaware.eu.com\/wp-content\/uploads\/2020\/01\/BeAware-newsletter-1-es.html\" target=\"_blank\" rel=\"noopener noreferrer\">Espa\u00f1ol<\/a><\/li>\n<li><a href=\"https:\/\/www.beaware.eu.com\/wp-content\/uploads\/2020\/01\/BeAware-newsletter-1-tr.html\" target=\"_blank\" rel=\"noopener noreferrer\">Turkish<\/a><\/li>\n<\/ul>\n<p>[\/vc_column_text][\/vc_column_inner][vc_column_inner width=&#8221;1\/4&#8243; css=&#8221;.vc_custom_1593034028063{border-top-width: 5px !important;border-right-width: 5px !important;border-bottom-width: 5px !important;border-left-width: 5px !important;border-left-color: #d92128 !important;border-left-style: solid !important;border-right-color: #d92128 !important;border-right-style: solid !important;border-top-color: #d92128 !important;border-top-style: solid !important;border-bottom-color: #d92128 !important;border-bottom-style: solid !important;border-radius: 10px !important;}&#8221;][vc_column_text]<\/p>\n<p style=\"text-align: center;\"><strong>#2 Haziran 2020<\/strong><\/p>\n<ul>\n<li><a href=\"https:\/\/www.beaware.eu.com\/wp-content\/uploads\/2020\/06\/BeAware-newsletter-2-DE.html\" target=\"_blank\" rel=\"noopener noreferrer\">Deutsch<\/a><\/li>\n<li><a href=\"https:\/\/www.beaware.eu.com\/wp-content\/uploads\/2020\/06\/BeAware-newsletter-2-EN.html\" target=\"_blank\" rel=\"noopener noreferrer\">English<\/a><\/li>\n<li><a href=\"https:\/\/www.beaware.eu.com\/wp-content\/uploads\/2020\/06\/BeAware-newsletter-2-BG.html\" target=\"_blank\" rel=\"noopener noreferrer\">\u0431\u044a\u043b\u0433\u0430\u0440\u0441\u043a\u0438<\/a><\/li>\n<li><a href=\"https:\/\/www.beaware.eu.com\/wp-content\/uploads\/2020\/06\/BeAware-newsletter-2-LT.html\" target=\"_blank\" rel=\"noopener noreferrer\">Lietuvi\u0173<\/a><\/li>\n<li><a href=\"https:\/\/www.beaware.eu.com\/wp-content\/uploads\/2020\/06\/BeAware-newsletter-2-ES.html\" target=\"_blank\" rel=\"noopener noreferrer\">Espa\u00f1ol<\/a><\/li>\n<li><a href=\"https:\/\/www.beaware.eu.com\/wp-content\/uploads\/2020\/06\/BeAware-newsletter-2-TR.html\" target=\"_blank\" rel=\"noopener noreferrer\">Turkish<\/a><\/li>\n<\/ul>\n<p>[\/vc_column_text][\/vc_column_inner][vc_column_inner width=&#8221;1\/4&#8243; offset=&#8221;vc_hidden-xs&#8221; css=&#8221;.vc_custom_1612365180030{border-top-width: 5px !important;border-right-width: 5px !important;border-bottom-width: 5px !important;border-left-width: 5px !important;border-left-color: #d92128 !important;border-left-style: solid !important;border-right-color: #d92128 !important;border-right-style: solid !important;border-top-color: #d92128 !important;border-top-style: solid !important;border-bottom-color: #d92128 !important;border-bottom-style: solid !important;border-radius: 10px !important;}&#8221;][vc_column_text]<\/p>\n<p style=\"text-align: center;\"><strong>#3 Ocak 2021<\/strong><\/p>\n<ul>\n<li><a href=\"https:\/\/www.beaware.eu.com\/wp-content\/uploads\/2021\/02\/BeAware-newsletter-3-DE.html\" target=\"_blank\" rel=\"noopener noreferrer\">Deutsch<\/a><\/li>\n<li><a href=\"https:\/\/www.beaware.eu.com\/wp-content\/uploads\/2021\/02\/BeAware-newsletter-3-EN.html\" target=\"_blank\" rel=\"noopener noreferrer\">English<\/a><\/li>\n<li><a href=\"https:\/\/www.beaware.eu.com\/wp-content\/uploads\/2021\/02\/BeAware-newsletter-3-BG.html\" target=\"_blank\" rel=\"noopener noreferrer\">\u0431\u044a\u043b\u0433\u0430\u0440\u0441\u043a\u0438<\/a><\/li>\n<li><a href=\"https:\/\/www.beaware.eu.com\/wp-content\/uploads\/2021\/02\/BeAware-newsletter-3-LT.html\" target=\"_blank\" rel=\"noopener noreferrer\">Lietuvi\u0173<\/a><\/li>\n<li><a href=\"https:\/\/www.beaware.eu.com\/wp-content\/uploads\/2021\/02\/BeAware-newsletter-3-ES.html\" target=\"_blank\" rel=\"noopener noreferrer\">Espa\u00f1ol<\/a><\/li>\n<li><a href=\"https:\/\/www.beaware.eu.com\/wp-content\/uploads\/2021\/02\/BeAware-newsletter-3-TR.html\" target=\"_blank\" rel=\"noopener noreferrer\">Turkish<\/a><\/li>\n<\/ul>\n<p>[\/vc_column_text][\/vc_column_inner][vc_column_inner width=&#8221;1\/4&#8243; css=&#8221;.vc_custom_1623922330692{border-top-width: 5px !important;border-right-width: 5px !important;border-bottom-width: 5px !important;border-left-width: 5px !important;border-left-color: #d92128 !important;border-left-style: solid !important;border-right-color: #d92128 !important;border-right-style: solid !important;border-top-color: #d92128 !important;border-top-style: solid !important;border-bottom-color: #d92128 !important;border-bottom-style: solid !important;border-radius: 10px !important;}&#8221;][vc_column_text]<\/p>\n<p style=\"text-align: center;\"><strong>#4 Haziran 2021<\/strong><\/p>\n<ul>\n<li><a href=\"https:\/\/www.beaware.eu.com\/wp-content\/uploads\/2021\/06\/BeAware-newsletter-4-DE.html\" target=\"_blank\" rel=\"noopener noreferrer\">Deutsch<\/a><\/li>\n<li><a href=\"https:\/\/www.beaware.eu.com\/wp-content\/uploads\/2021\/06\/BeAware-newsletter-4-EN.html\" target=\"_blank\" rel=\"noopener noreferrer\">English<\/a><\/li>\n<li><a href=\"https:\/\/www.beaware.eu.com\/wp-content\/uploads\/2021\/07\/BeAware-newsletter-4-BG.html\" target=\"_blank\" rel=\"noopener noreferrer\">\u0431\u044a\u043b\u0433\u0430\u0440\u0441\u043a\u0438<\/a><\/li>\n<li><a href=\"https:\/\/www.beaware.eu.com\/wp-content\/uploads\/2021\/07\/BeAware-newsletter-4-LT.html\" target=\"_blank\" rel=\"noopener noreferrer\">Lietuvi\u0173<\/a><\/li>\n<li><a href=\"https:\/\/www.beaware.eu.com\/?mailpoet_router&amp;endpoint=view_in_browser&amp;action=view&amp;data=WzIyLCI1MWM4YmQxN2QwYWQiLDAsMCwwLDFd\" target=\"_blank\" rel=\"noopener noreferrer\">Espa\u00f1ol<\/a><\/li>\n<li><a href=\"https:\/\/www.beaware.eu.com\/wp-content\/uploads\/2021\/06\/BeAware-newsletter-4-TR.html\" target=\"_blank\" rel=\"noopener noreferrer\">Turkish<\/a><\/li>\n<\/ul>\n<p>[\/vc_column_text][\/vc_column_inner][\/vc_row_inner][\/vc_column][\/vc_row]<\/p>","protected":false},"excerpt":{"rendered":"<p>[vc_row][vc_column][vc_row_inner gap=&#8221;35&#8243;][vc_column_inner width=&#8221;1\/3&#8243; css=&#8221;.vc_custom_1592166368608{margin-bottom: 50px !important;}&#8221;][vc_single_image image=&#8221;1860&#8243; img_size=&#8221;&#8221; onclick=&#8221;custom_link&#8221; img_link_target=&#8221;_blank&#8221; link=&#8221;https:\/\/www.beaware.eu.com\/wp-content\/uploads\/2019\/10\/BeAware_IO1_Summary_TUR.pdf&#8221;][vc_column_text] IO1 &#8211; \u00d6ZET E\u011eITIM VE AKREDITASYONUN GELI\u015eTIRILMESI VE UYGULANMASI \u0130\u00c7IN ULUSAL \/ K\u00dcLT\u00dcREL ADAPTASYONLARA Y\u00d6NELIK ARA\u015eTIRMA RAPORU Be Aware projesi, \u0130nsan Kaynaklar\u0131 Y\u00f6neticileri, e\u011fitmenler, \u00f6\u011fretmenler, mentorlar, i\u015f\u00e7i temsilcilerinin mesleki geli\u015fimlerini geli\u015ftirmek i\u00e7in farkl\u0131 ara\u00e7lar ve y\u00f6ntemlere dayal\u0131 d\u00fczenli bir yakla\u015f\u0131m \u00f6nerir&#8230; [\/vc_column_text][\/vc_column_inner][vc_column_inner width=&#8221;1\/3&#8243; css=&#8221;.vc_custom_1592166375560{margin-bottom:&hellip;<\/p>\n","protected":false},"author":1,"featured_media":0,"parent":0,"menu_order":0,"comment_status":"closed","ping_status":"closed","template":"","meta":[],"_links":{"self":[{"href":"https:\/\/www.beaware.eu.com\/tr\/wp-json\/wp\/v2\/pages\/1774"}],"collection":[{"href":"https:\/\/www.beaware.eu.com\/tr\/wp-json\/wp\/v2\/pages"}],"about":[{"href":"https:\/\/www.beaware.eu.com\/tr\/wp-json\/wp\/v2\/types\/page"}],"author":[{"embeddable":true,"href":"https:\/\/www.beaware.eu.com\/tr\/wp-json\/wp\/v2\/users\/1"}],"replies":[{"embeddable":true,"href":"https:\/\/www.beaware.eu.com\/tr\/wp-json\/wp\/v2\/comments?post=1774"}],"version-history":[{"count":42,"href":"https:\/\/www.beaware.eu.com\/tr\/wp-json\/wp\/v2\/pages\/1774\/revisions"}],"predecessor-version":[{"id":2204,"href":"https:\/\/www.beaware.eu.com\/tr\/wp-json\/wp\/v2\/pages\/1774\/revisions\/2204"}],"wp:attachment":[{"href":"https:\/\/www.beaware.eu.com\/tr\/wp-json\/wp\/v2\/media?parent=1774"}],"curies":[{"name":"wp","href":"https:\/\/api.w.org\/{rel}","templated":true}]}}